{"id":18630,"date":"2025-03-25T10:26:19","date_gmt":"2025-03-25T10:26:19","guid":{"rendered":"https:\/\/difrenos.com\/?post_type=product&#038;p=18630"},"modified":"2026-02-16T13:13:57","modified_gmt":"2026-02-16T13:13:57","slug":"guantes-lem-yara-lady","status":"publish","type":"product","link":"https:\/\/difrenos.com\/index.php\/producto\/guantes-lem-yara-lady\/","title":{"rendered":"Guantes Lem Yara Lady"},"content":{"rendered":"<p>Referencias:<br \/>\nLW938NXS Talla XS<br \/>\nLW938NS Talla S<br \/>\nLW938NL Talla L<\/p>\n<ul>\n<li>Guantes de mujer para ciudad y carretera<\/li>\n<li>Uso entretiempo<\/li>\n<li>Tejido c\u00f3modo y ventilado<\/li>\n<li>Cierre con velcro<\/li>\n<li>Protecci\u00f3n r\u00edgida en los nudillos<\/li>\n<li>Refuerzo en la palma<\/li>\n<\/ul>\n","protected":false},"excerpt":{"rendered":"<p>Referencias: LW938NXS Talla XS LW938NS Talla S LW938NL Talla L Guantes de mujer para ciudad y carretera Uso entretiempo Tejido c\u00f3modo y ventilado Cierre con velcro Protecci\u00f3n r\u00edgida en los nudillos Refuerzo en la palma<\/p>\n","protected":false},"featured_media":23168,"template":"","meta":{"_et_pb_use_builder":"","_et_pb_old_content":"","_et_gb_content_width":""},"product_cat":[33,230,100],"product_tag":[41,683,508],"_links":{"self":[{"href":"https:\/\/difrenos.com\/index.php\/wp-json\/wp\/v2\/product\/18630"}],"collection":[{"href":"https:\/\/difrenos.com\/index.php\/wp-json\/wp\/v2\/product"}],"about":[{"href":"https:\/\/difrenos.com\/index.php\/wp-json\/wp\/v2\/types\/product"}],"wp:featuredmedia":[{"embeddable":true,"href":"https:\/\/difrenos.com\/index.php\/wp-json\/wp\/v2\/media\/23168"}],"wp:attachment":[{"href":"https:\/\/difrenos.com\/index.php\/wp-json\/wp\/v2\/media?parent=18630"}],"wp:term":[{"taxonomy":"product_cat","embeddable":true,"href":"https:\/\/difrenos.com\/index.php\/wp-json\/wp\/v2\/product_cat?post=18630"},{"taxonomy":"product_tag","embeddable":true,"href":"https:\/\/difrenos.com\/index.php\/wp-json\/wp\/v2\/product_tag?post=18630"}],"curies":[{"name":"wp","href":"https:\/\/api.w.org\/{rel}","templated":true}]}}