{"id":18434,"date":"2025-03-18T12:42:33","date_gmt":"2025-03-18T12:42:33","guid":{"rendered":"https:\/\/difrenos.com\/?post_type=product&#038;p=18434"},"modified":"2026-02-16T12:27:48","modified_gmt":"2026-02-16T12:27:48","slug":"coderas-leatt-airflex","status":"publish","type":"product","link":"https:\/\/difrenos.com\/index.php\/producto\/coderas-leatt-airflex\/","title":{"rendered":"Coderas Leatt Airflex"},"content":{"rendered":"<p>Referencias:<br \/>\nLB5020004321 Talla M<br \/>\nLB5020004323 Talla XL<\/p>\n<ul>\n<li>Innovadora protecci\u00f3n ultrafina a prueba de golpes en gel AirFlex moldeado en 3D<\/li>\n<li>Probado y certificado CE como protecci\u00f3n contra golpes.<\/li>\n<li>EN1621-1 codo<\/li>\n<li>Tejidos antiolor<\/li>\n<li>Laminaci\u00f3n de silicona, pu\u00f1os antideslizantes para mantener el protector en su lugar.<\/li>\n<li>Mu\u00f1eca de silicona con estampado de codo.<\/li>\n<li>Dise\u00f1o 3D que garantiza un ajuste perfecto y c\u00f3modo.<\/li>\n<li>Peso: desde 240 g el par<\/li>\n<\/ul>\n","protected":false},"excerpt":{"rendered":"<p>Referencias: LB5020004321 Talla M LB5020004323 Talla XL Innovadora protecci\u00f3n ultrafina a prueba de golpes en gel AirFlex moldeado en 3D Probado y certificado CE como protecci\u00f3n contra golpes. EN1621-1 codo Tejidos antiolor Laminaci\u00f3n de silicona, pu\u00f1os antideslizantes para mantener el protector en su lugar. Mu\u00f1eca de silicona con estampado de codo. Dise\u00f1o 3D que garantiza [&hellip;]<\/p>\n","protected":false},"featured_media":18435,"template":"","meta":{"_et_pb_use_builder":"","_et_pb_old_content":"","_et_gb_content_width":""},"product_cat":[33,241,166],"product_tag":[666,309],"_links":{"self":[{"href":"https:\/\/difrenos.com\/index.php\/wp-json\/wp\/v2\/product\/18434"}],"collection":[{"href":"https:\/\/difrenos.com\/index.php\/wp-json\/wp\/v2\/product"}],"about":[{"href":"https:\/\/difrenos.com\/index.php\/wp-json\/wp\/v2\/types\/product"}],"wp:featuredmedia":[{"embeddable":true,"href":"https:\/\/difrenos.com\/index.php\/wp-json\/wp\/v2\/media\/18435"}],"wp:attachment":[{"href":"https:\/\/difrenos.com\/index.php\/wp-json\/wp\/v2\/media?parent=18434"}],"wp:term":[{"taxonomy":"product_cat","embeddable":true,"href":"https:\/\/difrenos.com\/index.php\/wp-json\/wp\/v2\/product_cat?post=18434"},{"taxonomy":"product_tag","embeddable":true,"href":"https:\/\/difrenos.com\/index.php\/wp-json\/wp\/v2\/product_tag?post=18434"}],"curies":[{"name":"wp","href":"https:\/\/api.w.org\/{rel}","templated":true}]}}