{"id":18271,"date":"2025-03-12T13:26:26","date_gmt":"2025-03-12T13:26:26","guid":{"rendered":"https:\/\/difrenos.com\/?post_type=product&#038;p=18271"},"modified":"2025-10-03T12:21:10","modified_gmt":"2025-10-03T12:21:10","slug":"liquido-antipinchazos-bompar-karbom-latex-130-ml","status":"publish","type":"product","link":"https:\/\/difrenos.com\/index.php\/producto\/liquido-antipinchazos-bompar-karbom-latex-130-ml\/","title":{"rendered":"L\u00edquido antipinchazos Bompar Karbom L\u00e1tex 130 ml"},"content":{"rendered":"<p>El l\u00edquido antipinchazos de la marca Karbon es un producto desarrollado especialmente para evitar pinchazos en neum\u00e1ticos de bicicletas, motocicletas y otros veh\u00edculos de ruedas.<br \/>\nEste l\u00edquido se introduce en el interior de los neum\u00e1ticos y forma una capa protectora que sella de forma r\u00e1pida y eficaz cualquier pinchazo causado por objetos punzantes como clavos, vidrios u otros objetos afilados.<\/p>\n<p>El l\u00edquido antipinchazos de Karbon es de alta calidad y est\u00e1 formulado con ingredientes especiales que lo hacen resistente al calor, la humedad y la corrosi\u00f3n. Adem\u00e1s, es f\u00e1cil de usar, basta con verterlo en los neum\u00e1ticos siguiendo las recomendaciones de cantidad y presi\u00f3n indicadas por el fabricante.<\/p>\n<p>Este l\u00edquido proporciona una gran protecci\u00f3n a los neum\u00e1ticos y ayuda a mantener una conducci\u00f3n segura y sin interrupciones causadas por pinchazos. Adem\u00e1s, al evitar los pinchazos, se prolonga la vida \u00fatil de los neum\u00e1ticos.<\/p>\n<p>En resumen, el l\u00edquido antipinchazos de 500ml de la marca Karbon es una excelente opci\u00f3n para proteger tus neum\u00e1ticos contra pinchazos y asegurar un viaje tranquilo y sin contratiempos.<\/p>\n","protected":false},"excerpt":{"rendered":"<p>El l\u00edquido antipinchazos de la marca Karbon es un producto desarrollado especialmente para evitar pinchazos en neum\u00e1ticos de bicicletas, motocicletas y otros veh\u00edculos de ruedas. Este l\u00edquido se introduce en el interior de los neum\u00e1ticos y forma una capa protectora que sella de forma r\u00e1pida y eficaz cualquier pinchazo causado por objetos punzantes como clavos, [&hellip;]<\/p>\n","protected":false},"featured_media":18277,"template":"","meta":{"_et_pb_use_builder":"","_et_pb_old_content":"","_et_gb_content_width":""},"product_cat":[292,220,33],"product_tag":[],"_links":{"self":[{"href":"https:\/\/difrenos.com\/index.php\/wp-json\/wp\/v2\/product\/18271"}],"collection":[{"href":"https:\/\/difrenos.com\/index.php\/wp-json\/wp\/v2\/product"}],"about":[{"href":"https:\/\/difrenos.com\/index.php\/wp-json\/wp\/v2\/types\/product"}],"wp:featuredmedia":[{"embeddable":true,"href":"https:\/\/difrenos.com\/index.php\/wp-json\/wp\/v2\/media\/18277"}],"wp:attachment":[{"href":"https:\/\/difrenos.com\/index.php\/wp-json\/wp\/v2\/media?parent=18271"}],"wp:term":[{"taxonomy":"product_cat","embeddable":true,"href":"https:\/\/difrenos.com\/index.php\/wp-json\/wp\/v2\/product_cat?post=18271"},{"taxonomy":"product_tag","embeddable":true,"href":"https:\/\/difrenos.com\/index.php\/wp-json\/wp\/v2\/product_tag?post=18271"}],"curies":[{"name":"wp","href":"https:\/\/api.w.org\/{rel}","templated":true}]}}