{"id":17995,"date":"2025-03-03T13:06:03","date_gmt":"2025-03-03T13:06:03","guid":{"rendered":"https:\/\/difrenos.com\/?post_type=product&#038;p=17995"},"modified":"2026-04-13T18:11:55","modified_gmt":"2026-04-13T18:11:55","slug":"guardabarros-sillin-bicicleta","status":"publish","type":"product","link":"https:\/\/difrenos.com\/index.php\/producto\/guardabarros-sillin-bicicleta\/","title":{"rendered":"Guardabarros Sill\u00edn Bicicleta"},"content":{"rendered":"<p><strong>Cuando llueve y las carreteras est\u00e1n mojadas, no es nada agradable estar sobre la bicicleta. Las salpicaduras de agua en particular hacen que los pantalones se mojen y se ensucien, lo que puede conducir r\u00e1pidamente a problemas para sentarse. El SKS S-GUARD ahora deber\u00eda ofrecer una alternativa ligera y pr\u00e1ctica al guardabarros cl\u00e1sico.<\/strong><\/p>\n","protected":false},"excerpt":{"rendered":"<p>Cuando llueve y las carreteras est\u00e1n mojadas, no es nada agradable estar sobre la bicicleta. Las salpicaduras de agua en particular hacen que los pantalones se mojen y se ensucien, lo que puede conducir r\u00e1pidamente a problemas para sentarse. El SKS S-GUARD ahora deber\u00eda ofrecer una alternativa ligera y pr\u00e1ctica al guardabarros cl\u00e1sico.<\/p>\n","protected":false},"featured_media":17996,"template":"","meta":{"_et_pb_use_builder":"","_et_pb_old_content":"","_et_gb_content_width":""},"product_cat":[292,220,33],"product_tag":[615],"_links":{"self":[{"href":"https:\/\/difrenos.com\/index.php\/wp-json\/wp\/v2\/product\/17995"}],"collection":[{"href":"https:\/\/difrenos.com\/index.php\/wp-json\/wp\/v2\/product"}],"about":[{"href":"https:\/\/difrenos.com\/index.php\/wp-json\/wp\/v2\/types\/product"}],"wp:featuredmedia":[{"embeddable":true,"href":"https:\/\/difrenos.com\/index.php\/wp-json\/wp\/v2\/media\/17996"}],"wp:attachment":[{"href":"https:\/\/difrenos.com\/index.php\/wp-json\/wp\/v2\/media?parent=17995"}],"wp:term":[{"taxonomy":"product_cat","embeddable":true,"href":"https:\/\/difrenos.com\/index.php\/wp-json\/wp\/v2\/product_cat?post=17995"},{"taxonomy":"product_tag","embeddable":true,"href":"https:\/\/difrenos.com\/index.php\/wp-json\/wp\/v2\/product_tag?post=17995"}],"curies":[{"name":"wp","href":"https:\/\/api.w.org\/{rel}","templated":true}]}}