{"id":17991,"date":"2025-03-03T12:56:14","date_gmt":"2025-03-03T12:56:14","guid":{"rendered":"https:\/\/difrenos.com\/?post_type=product&#038;p=17991"},"modified":"2026-02-10T12:10:18","modified_gmt":"2026-02-10T12:10:18","slug":"pantalon-husqvarna-railed-2","status":"publish","type":"product","link":"https:\/\/difrenos.com\/index.php\/producto\/pantalon-husqvarna-railed-2\/","title":{"rendered":"Pantal\u00f3n Husqvarna Railed"},"content":{"rendered":"<p>Referencias:<br \/>\n3HS240016003 Talla M<br \/>\n3HS240016005 Talla XL<\/p>\n<ul>\n<li>Pantal\u00f3n MX ultraligero de alta calidad<\/li>\n<li>Inserciones de malla<\/li>\n<li>Zonas de ventilaci\u00f3n perforadas<\/li>\n<li>Refuerzo para las rodillas de cuero resistente al calor y a la abrasi\u00f3n<\/li>\n<li>74 % Nylon \/ 19 % Poli\u00e9ster \/ 4 % Kevlar\u00ae \/ 3 %<\/li>\n<li>Cuero sint\u00e9tico<\/li>\n<\/ul>\n","protected":false},"excerpt":{"rendered":"<p>Referencias: 3HS240016003 Talla M 3HS240016005 Talla XL Pantal\u00f3n MX ultraligero de alta calidad Inserciones de malla Zonas de ventilaci\u00f3n perforadas Refuerzo para las rodillas de cuero resistente al calor y a la abrasi\u00f3n 74 % Nylon \/ 19 % Poli\u00e9ster \/ 4 % Kevlar\u00ae \/ 3 % Cuero sint\u00e9tico<\/p>\n","protected":false},"featured_media":17993,"template":"","meta":{"_et_pb_use_builder":"","_et_pb_old_content":"","_et_gb_content_width":""},"product_cat":[33,254,701,149,781],"product_tag":[296,108],"_links":{"self":[{"href":"https:\/\/difrenos.com\/index.php\/wp-json\/wp\/v2\/product\/17991"}],"collection":[{"href":"https:\/\/difrenos.com\/index.php\/wp-json\/wp\/v2\/product"}],"about":[{"href":"https:\/\/difrenos.com\/index.php\/wp-json\/wp\/v2\/types\/product"}],"wp:featuredmedia":[{"embeddable":true,"href":"https:\/\/difrenos.com\/index.php\/wp-json\/wp\/v2\/media\/17993"}],"wp:attachment":[{"href":"https:\/\/difrenos.com\/index.php\/wp-json\/wp\/v2\/media?parent=17991"}],"wp:term":[{"taxonomy":"product_cat","embeddable":true,"href":"https:\/\/difrenos.com\/index.php\/wp-json\/wp\/v2\/product_cat?post=17991"},{"taxonomy":"product_tag","embeddable":true,"href":"https:\/\/difrenos.com\/index.php\/wp-json\/wp\/v2\/product_tag?post=17991"}],"curies":[{"name":"wp","href":"https:\/\/api.w.org\/{rel}","templated":true}]}}