{"id":17978,"date":"2025-03-03T12:08:42","date_gmt":"2025-03-03T12:08:42","guid":{"rendered":"https:\/\/difrenos.com\/?post_type=product&#038;p=17978"},"modified":"2026-04-06T09:51:24","modified_gmt":"2026-04-06T09:51:24","slug":"mochila-husqvarna-team-baja-hydration","status":"publish","type":"product","link":"https:\/\/difrenos.com\/index.php\/producto\/mochila-husqvarna-team-baja-hydration\/","title":{"rendered":"Mochila Husqvarna Team Baja Hidrataci\u00f3n"},"content":{"rendered":"<p>Referencia: 3HS240036300<\/p>\n<ul>\n<li>Capa fresca de tela aislante que mantiene el l\u00edquido fr\u00edo durante un 30 % m\u00e1s de tiempo<\/li>\n<li>Incluye una bolsa de 2 litros<\/li>\n<li>Bolsillo frontal expansible para guardar el casco o accesorios grandes<\/li>\n<li>100 % Poli\u00e9ster<\/li>\n<\/ul>\n","protected":false},"excerpt":{"rendered":"<p>Referencia: 3HS240036300 Capa fresca de tela aislante que mantiene el l\u00edquido fr\u00edo durante un 30 % m\u00e1s de tiempo Incluye una bolsa de 2 litros Bolsillo frontal expansible para guardar el casco o accesorios grandes 100 % Poli\u00e9ster<\/p>\n","protected":false},"featured_media":17981,"template":"","meta":{"_et_pb_use_builder":"","_et_pb_old_content":"","_et_gb_content_width":""},"product_cat":[706,215,33,701,273],"product_tag":[445,108],"_links":{"self":[{"href":"https:\/\/difrenos.com\/index.php\/wp-json\/wp\/v2\/product\/17978"}],"collection":[{"href":"https:\/\/difrenos.com\/index.php\/wp-json\/wp\/v2\/product"}],"about":[{"href":"https:\/\/difrenos.com\/index.php\/wp-json\/wp\/v2\/types\/product"}],"wp:featuredmedia":[{"embeddable":true,"href":"https:\/\/difrenos.com\/index.php\/wp-json\/wp\/v2\/media\/17981"}],"wp:attachment":[{"href":"https:\/\/difrenos.com\/index.php\/wp-json\/wp\/v2\/media?parent=17978"}],"wp:term":[{"taxonomy":"product_cat","embeddable":true,"href":"https:\/\/difrenos.com\/index.php\/wp-json\/wp\/v2\/product_cat?post=17978"},{"taxonomy":"product_tag","embeddable":true,"href":"https:\/\/difrenos.com\/index.php\/wp-json\/wp\/v2\/product_tag?post=17978"}],"curies":[{"name":"wp","href":"https:\/\/api.w.org\/{rel}","templated":true}]}}