{"id":17968,"date":"2025-03-03T11:12:56","date_gmt":"2025-03-03T11:12:56","guid":{"rendered":"https:\/\/difrenos.com\/?post_type=product&#038;p=17968"},"modified":"2025-10-01T13:08:58","modified_gmt":"2025-10-01T13:08:58","slug":"hebo-espinillera-xtr-adulto-talla-xl","status":"publish","type":"product","link":"https:\/\/difrenos.com\/index.php\/producto\/hebo-espinillera-xtr-adulto-talla-xl\/","title":{"rendered":"Espinillera Hebo XTR"},"content":{"rendered":"<p>Referencia HB6001XL.XXL<\/p>\n<p><strong>Descripci\u00f3n y materiales<\/strong><br \/>\n\u2013 Nueva generaci\u00f3n de espinilleras para trial bici de la marca espa\u00f1ola Hebo.<br \/>\n\u2013 Se trata de la versi\u00f3n Junior, adaptada para los riders m\u00e1s peques, de las espinilleras Hebo XTR, que han sido desarrolladas y puestas a prueba durante meses por Abel Mustieles y Vincent Hermance.<br \/>\n\u2013 La protecci\u00f3n frontal utiliza Poliuretano (PU), combinando una alta protecci\u00f3n con gran ligereza y comodidad.<br \/>\n\u2013 La protecci\u00f3n de PU puede extraerse f\u00e1cilmente gracias a un pr\u00e1ctico bolsillo, que resulta ideal para lavarlas.<br \/>\n\u2013 Tejido de rejilla el\u00e1stica superpuesto en la parte trasera, que garantiza un ajuste natural a la forma de la espinilla y evita dejar expuesta la zona.<br \/>\n\u2013 Laterales de malla perforada en tejido de Poli\u00e9ster, transpirable y flexible.<br \/>\n\u2013 Fijaci\u00f3n a modo de calcet\u00edn, sin cierres de ning\u00fan tipo y con 2 bandas el\u00e1sticas de 30mm de silicona en la parte superior e inferior, para evitar que se giren o desplacen verticalmente mientra se pilota.<br \/>\n\u2013 Impresi\u00f3n gr\u00e1fica de alta calidad, con gran resistencia al desgaste.<\/p>\n<p>&nbsp;<\/p>\n","protected":false},"excerpt":{"rendered":"<p>Talla XL\/XXL<\/p>\n","protected":false},"featured_media":17969,"template":"","meta":{"_et_pb_use_builder":"","_et_pb_old_content":"","_et_gb_content_width":""},"product_cat":[33,30,334],"product_tag":[315,105],"_links":{"self":[{"href":"https:\/\/difrenos.com\/index.php\/wp-json\/wp\/v2\/product\/17968"}],"collection":[{"href":"https:\/\/difrenos.com\/index.php\/wp-json\/wp\/v2\/product"}],"about":[{"href":"https:\/\/difrenos.com\/index.php\/wp-json\/wp\/v2\/types\/product"}],"wp:featuredmedia":[{"embeddable":true,"href":"https:\/\/difrenos.com\/index.php\/wp-json\/wp\/v2\/media\/17969"}],"wp:attachment":[{"href":"https:\/\/difrenos.com\/index.php\/wp-json\/wp\/v2\/media?parent=17968"}],"wp:term":[{"taxonomy":"product_cat","embeddable":true,"href":"https:\/\/difrenos.com\/index.php\/wp-json\/wp\/v2\/product_cat?post=17968"},{"taxonomy":"product_tag","embeddable":true,"href":"https:\/\/difrenos.com\/index.php\/wp-json\/wp\/v2\/product_tag?post=17968"}],"curies":[{"name":"wp","href":"https:\/\/api.w.org\/{rel}","templated":true}]}}