{"id":17964,"date":"2025-03-03T10:34:05","date_gmt":"2025-03-03T10:34:05","guid":{"rendered":"https:\/\/difrenos.com\/?post_type=product&#038;p=17964"},"modified":"2026-02-10T11:03:00","modified_gmt":"2026-02-10T11:03:00","slug":"guantes-husqvarna-knited","status":"publish","type":"product","link":"https:\/\/difrenos.com\/index.php\/producto\/guantes-husqvarna-knited\/","title":{"rendered":"Guantes Husqvarna Knited"},"content":{"rendered":"<p>Referencias:<br \/>\n3HS200016502 Talla S\/M<br \/>\n3HS200016503 Talla L\/XL<\/p>\n<ul>\n<li>Estilo de vida 24h<\/li>\n<li>Sensaci\u00f3n t\u00e1ctil natural<\/li>\n<li>50 % Acr\u00edlico \/ 50 % Lana<\/li>\n<\/ul>\n","protected":false},"excerpt":{"rendered":"<p>Referencias: 3HS200016502 Talla S\/M 3HS200016503 Talla L\/XL Estilo de vida 24h Sensaci\u00f3n t\u00e1ctil natural 50 % Acr\u00edlico \/ 50 % Lana<\/p>\n","protected":false},"featured_media":17967,"template":"","meta":{"_et_pb_use_builder":"","_et_pb_old_content":"","_et_gb_content_width":""},"product_cat":[33,230,100,726,701],"product_tag":[48,108],"_links":{"self":[{"href":"https:\/\/difrenos.com\/index.php\/wp-json\/wp\/v2\/product\/17964"}],"collection":[{"href":"https:\/\/difrenos.com\/index.php\/wp-json\/wp\/v2\/product"}],"about":[{"href":"https:\/\/difrenos.com\/index.php\/wp-json\/wp\/v2\/types\/product"}],"wp:featuredmedia":[{"embeddable":true,"href":"https:\/\/difrenos.com\/index.php\/wp-json\/wp\/v2\/media\/17967"}],"wp:attachment":[{"href":"https:\/\/difrenos.com\/index.php\/wp-json\/wp\/v2\/media?parent=17964"}],"wp:term":[{"taxonomy":"product_cat","embeddable":true,"href":"https:\/\/difrenos.com\/index.php\/wp-json\/wp\/v2\/product_cat?post=17964"},{"taxonomy":"product_tag","embeddable":true,"href":"https:\/\/difrenos.com\/index.php\/wp-json\/wp\/v2\/product_tag?post=17964"}],"curies":[{"name":"wp","href":"https:\/\/api.w.org\/{rel}","templated":true}]}}