{"id":17961,"date":"2025-03-03T10:37:38","date_gmt":"2025-03-03T10:37:38","guid":{"rendered":"https:\/\/difrenos.com\/?post_type=product&#038;p=17961"},"modified":"2026-04-13T18:12:11","modified_gmt":"2026-04-13T18:12:11","slug":"guardabarros-delantero-mtb-acerbis-mud-out","status":"publish","type":"product","link":"https:\/\/difrenos.com\/index.php\/producto\/guardabarros-delantero-mtb-acerbis-mud-out\/","title":{"rendered":"Guardabarros Delantero MTB Acerbis Mud-Out"},"content":{"rendered":"<p><strong>Guardabarros Delantero MTB Acerbis Mud-Out<\/strong><\/p>\n<ul>\n<li>Se adapta a las ruedas de 26&#8243;, 27,5&#8243; E 29&#8243; y es adecuado para la mayor\u00eda de las combinaciones entre horquillas y neum\u00e1ticos.<\/li>\n<li>La distancia entre la rueda y el arco de la horquilla debe ser de al menos 8mm para permitir el paso del guardabarros delantero.<\/li>\n<li>Fijaci\u00f3n r\u00e1pida a trav\u00e9s de 4 bridas, asegurando un buen agarre a las horquillas.<\/li>\n<li>Desarrollado para la protecci\u00f3n contra el agua, el barro y los residuos y para mantener la bicicleta limpia cuando las condiciones del camino son las m\u00e1s exigentes.<\/li>\n<li>Las protecciones laterales permiten una fijaci\u00f3n adicional y estabilidad del guardabarros delantero, y aseguran una mejor protecci\u00f3n de las horquillas.<\/li>\n<li>Peso: 68 g.<\/li>\n<li>100% Polipropileno.<\/li>\n<\/ul>\n","protected":false},"excerpt":{"rendered":"<p>Guardabarros Delantero MTB Acerbis Mud-Out Se adapta a las ruedas de 26&#8243;, 27,5&#8243; E 29&#8243; y es adecuado para la mayor\u00eda de las combinaciones entre horquillas y neum\u00e1ticos. La distancia entre la rueda y el arco de la horquilla debe ser de al menos 8mm para permitir el paso del guardabarros delantero. Fijaci\u00f3n r\u00e1pida a [&hellip;]<\/p>\n","protected":false},"featured_media":17962,"template":"","meta":{"_et_pb_use_builder":"","_et_pb_old_content":"","_et_gb_content_width":""},"product_cat":[729,616,170],"product_tag":[],"_links":{"self":[{"href":"https:\/\/difrenos.com\/index.php\/wp-json\/wp\/v2\/product\/17961"}],"collection":[{"href":"https:\/\/difrenos.com\/index.php\/wp-json\/wp\/v2\/product"}],"about":[{"href":"https:\/\/difrenos.com\/index.php\/wp-json\/wp\/v2\/types\/product"}],"wp:featuredmedia":[{"embeddable":true,"href":"https:\/\/difrenos.com\/index.php\/wp-json\/wp\/v2\/media\/17962"}],"wp:attachment":[{"href":"https:\/\/difrenos.com\/index.php\/wp-json\/wp\/v2\/media?parent=17961"}],"wp:term":[{"taxonomy":"product_cat","embeddable":true,"href":"https:\/\/difrenos.com\/index.php\/wp-json\/wp\/v2\/product_cat?post=17961"},{"taxonomy":"product_tag","embeddable":true,"href":"https:\/\/difrenos.com\/index.php\/wp-json\/wp\/v2\/product_tag?post=17961"}],"curies":[{"name":"wp","href":"https:\/\/api.w.org\/{rel}","templated":true}]}}