{"id":17929,"date":"2025-02-28T13:36:48","date_gmt":"2025-02-28T13:36:48","guid":{"rendered":"https:\/\/difrenos.com\/?post_type=product&#038;p=17929"},"modified":"2026-02-10T10:59:55","modified_gmt":"2026-02-10T10:59:55","slug":"guantes-husqvarna-itrack-railed","status":"publish","type":"product","link":"https:\/\/difrenos.com\/index.php\/producto\/guantes-husqvarna-itrack-railed\/","title":{"rendered":"Guantes Husqvarna iTrack Railed"},"content":{"rendered":"<p>Referencias:<br \/>\n3HS220013102 Talla S<br \/>\n3HS220013103 Talla M<br \/>\n3HS220013104 Talla L<\/p>\n<ul>\n<li>Guantes MX Performance ligeros<\/li>\n<li>Dise\u00f1o exclusivo de 100% para Husqvarna Motorcycles<\/li>\n<li>Impresi\u00f3n de silicona para un mejor agarre<\/li>\n<li>Pu\u00f1os de neopreno<\/li>\n<li>Zonas de las palmas perforadas<\/li>\n<li>Espacios entre los dedos de malla<\/li>\n<li>Funci\u00f3n de pantalla t\u00e1ctil<\/li>\n<\/ul>\n","protected":false},"excerpt":{"rendered":"<p>Referencias: 3HS220013102 Talla S 3HS220013103 Talla M 3HS220013104 Talla L Guantes MX Performance ligeros Dise\u00f1o exclusivo de 100% para Husqvarna Motorcycles Impresi\u00f3n de silicona para un mejor agarre Pu\u00f1os de neopreno Zonas de las palmas perforadas Espacios entre los dedos de malla Funci\u00f3n de pantalla t\u00e1ctil<\/p>\n","protected":false},"featured_media":17932,"template":"","meta":{"_et_pb_use_builder":"","_et_pb_old_content":"","_et_gb_content_width":""},"product_cat":[33,255,726,100,701],"product_tag":[108,407],"_links":{"self":[{"href":"https:\/\/difrenos.com\/index.php\/wp-json\/wp\/v2\/product\/17929"}],"collection":[{"href":"https:\/\/difrenos.com\/index.php\/wp-json\/wp\/v2\/product"}],"about":[{"href":"https:\/\/difrenos.com\/index.php\/wp-json\/wp\/v2\/types\/product"}],"wp:featuredmedia":[{"embeddable":true,"href":"https:\/\/difrenos.com\/index.php\/wp-json\/wp\/v2\/media\/17932"}],"wp:attachment":[{"href":"https:\/\/difrenos.com\/index.php\/wp-json\/wp\/v2\/media?parent=17929"}],"wp:term":[{"taxonomy":"product_cat","embeddable":true,"href":"https:\/\/difrenos.com\/index.php\/wp-json\/wp\/v2\/product_cat?post=17929"},{"taxonomy":"product_tag","embeddable":true,"href":"https:\/\/difrenos.com\/index.php\/wp-json\/wp\/v2\/product_tag?post=17929"}],"curies":[{"name":"wp","href":"https:\/\/api.w.org\/{rel}","templated":true}]}}