{"id":17839,"date":"2025-02-27T15:29:04","date_gmt":"2025-02-27T15:29:04","guid":{"rendered":"https:\/\/difrenos.com\/?post_type=product&#038;p=17839"},"modified":"2026-03-11T16:58:18","modified_gmt":"2026-03-11T16:58:18","slug":"beta-rr-125-4t-r-2025","status":"publish","type":"product","link":"https:\/\/difrenos.com\/index.php\/producto\/beta-rr-125-4t-r-2025\/","title":{"rendered":"BETA RR 125 4T R 2026"},"content":{"rendered":"<div id=\"av_section_3\" class=\"avia-section av-qxxksuv-1d6a2b0dea0a0e1f7b61981fdba67008 main_color avia-section-small avia-no-border-styling avia-builder-el-12 el_after_av_section el_before_av_section avia-bg-style-scroll container_wrap fullsize\">\n<div class=\"container av-section-cont-open\">\n<div class=\"template-page content av-content-full alpha units\">\n<div class=\"post-entry post-entry-type-page post-entry-122391\">\n<div class=\"entry-content-wrapper clearfix\">\n<div class=\"flex_column av-771nu09j-5bb25836bc45ba6a0b7fedf7a6315742 av_two_fifth avia-builder-el-14 el_after_av_hr el_before_av_three_fifth first no_margin flex_column_div av-zero-column-padding \">\n<div class=\"av-special-heading av-lon1y36m-1225937db19b60877c0e6e793ec9da50 av-special-heading-h3 blockquote modern-quote avia-builder-el-15 el_before_av_hr avia-builder-el-first titdesc av-inherit-size av-linked-heading\">\n<h3 class=\"av-special-heading-tag\"><span style=\"color: #666666; font-size: 14px;\">La <\/span><strong style=\"color: #666666; font-size: 14px;\">gama Beta RR 125 R 4T<\/strong><span style=\"color: #666666; font-size: 14px;\">\u00a0<\/span><span style=\"color: #666666; font-size: 14px;\">se ampl\u00eda con una oferta m\u00e1s rica y diversificada, capaz de acoger las demandas de un p\u00fablico cada vez m\u00e1s numeroso.<\/span><\/h3>\n<\/div>\n<section class=\"av_textblock_section av-6zosbjkn-74ed654899d76c00901acd44a069562a\">\n<div class=\"avia_textblock\">\n<p>Amplio y variado es en efecto el p\u00fablico que se fija en la Beta RR 125 4T: j\u00f3venes pilotos que dan sus primeros pasos en el mundo del motociclismo, pero tambi\u00e9n un p\u00fablico m\u00e1s adulto que busca un veh\u00edculo \u00e1gil y deportivo para solventar su movilidad con una gesti\u00f3n econ\u00f3mica, sin renunciar a la diversi\u00f3n y la facilidad de uso t\u00edpicas de la familia Betamotor. Sea cual sea la necesidad, la nueva gama RR 125 4T , tanto de enduro como motard, es capaz de satisfacerla, con una oferta que se duplica para responder a las exigencias m\u00e1s variadas. Tanto si se trata de un joven de 16 a\u00f1os que busca una motard para divertirse en curvas con un modelo pr\u00e9mium como de alguien que da sus primeros pasos en el enduro, un adulto que busca un veh\u00edculo econ\u00f3mico para moverse por la ciudad, un experto que busca un veh\u00edculo muy agradable o un ne\u00f3fito que da sus primeros pasos en carretera o en tierra, ahora hay una Beta 125 4T capaz de satisfacer sus necesidades.<\/p>\n<div id=\"read520702463\" class=\"read_div\">\n<p>Como se ha adelantado, las novedades no acaban aqu\u00ed: de hecho, la gama Beta 125 4T se estructura con una oferta adicional dedicada a un p\u00fablico m\u00e1s sofisticado, que busca una 125 m\u00e1s refinada y con m\u00e1s personalidad.<br \/>\nPor eso Beta lanza junto a las RR 125 Enduro y Motard 4T tambi\u00e9n una nueva\u00a0<strong>versi\u00f3n R, Motard y Enduro<\/strong>.<br \/>\nLa<strong> RR 125 R\u00a0 <\/strong>se caracteriza por la adopci\u00f3n del ya conocido propulsor de origen japon\u00e9s, una referencia del segmento 125 por prestaciones y componentes, que, en combinaci\u00f3n con una\u00a0<strong>decoraci\u00f3n especial mate\/brillante<\/strong>\u00a0con dep\u00f3sito transparente inspirada en las competiciones, llantas de radios, basculante y silenciador de aluminio, crea una\u00a0<strong>versi\u00f3n Pr\u00e9mium\u00a0<\/strong>del modelo, que no pasa desapercibida.<br \/>\nEste modelo cuenta con un mayor equipamiento t\u00e9cnico y est\u00e9tico para resaltar su mayor refinamiento.<\/p>\n<ul>\n<li>Motor Minarelli Euro 5+<\/li>\n<li>Dep\u00f3sito transparente<\/li>\n<li>Basculante anodizado de aluminio<\/li>\n<li>Silenciador anodizado de aluminio<\/li>\n<li>Chasis rojo<\/li>\n<li>Decoraci\u00f3n especial mate\/brillante inspirada en las Beta del Campeonato del Mundo<\/li>\n<li>Componentes especiales en Ergal<\/li>\n<\/ul>\n<\/div>\n<\/div>\n<\/section>\n<\/div>\n<div class=\"flex_column av-6s4ukzkn-7d494af05c1c51f6389fea2b0a449a72 av_three_fifth avia-builder-el-18 el_after_av_two_fifth el_before_av_hr no_margin flex_column_div av-zero-column-padding \">\n<div class=\"avia-button-wrap av-6ptex4nr-80e5a860a51be20cc34717ce4ad4fc01-wrap avia-button-right avia-builder-el-19 el_before_av_hr avia-builder-el-first \"><span style=\"color: #333333; font-size: 22px;\">CARACTER\u00cdSTICAS<\/span><\/div>\n<\/div>\n<\/div>\n<\/div>\n<\/div>\n<\/div>\n<\/div>\n<div id=\"slidemotocaratteristiche\" class=\"avia-section av-7oc9vv7e-57d5f7b2f592f115a6b3e8eff5429646 main_color avia-section-large avia-no-border-styling avia-builder-el-23 el_after_av_section el_before_av_section avia-bg-style-scroll container_wrap fullsize\">\n<div class=\"container av-section-cont-open\">\n<div class=\"template-page content av-content-full alpha units\">\n<div class=\"post-entry post-entry-type-page post-entry-122391\">\n<div class=\"entry-content-wrapper clearfix\">\n<div class=\"flex_column av-7he035oa-c622f3430e48c111a35a57c5c7143825 av_one_full avia-builder-el-25 el_after_av_heading avia-builder-el-last first flex_column_div \">\n<div class=\"avia-content-slider-element-container av-7cnnqet6-a86baad7eb979d7b860967906bbd998a avia-content-slider-element-slider avia-content-slider avia-smallarrow-slider avia-content-slider-active avia-content-slider-even avia-builder-el-26 el_before_av_content_slider avia-builder-el-first av-medium-hide av-small-hide av-mini-hide av-slideshow-ui av-control-default av-nav-arrows-visible av-nav-dots-visible av-hide-nav-arrows av-slideshow-autoplay av-loop-endless av-loop-manual-endless av_inherit_color avia-content-slider1\" data-slideshow-options=\"{&quot;animation&quot;:&quot;slide&quot;,&quot;autoplay&quot;:true,&quot;loop_autoplay&quot;:&quot;endless&quot;,&quot;interval&quot;:5,&quot;loop_manual&quot;:&quot;manual-endless&quot;,&quot;autoplay_stopper&quot;:false,&quot;noNavigation&quot;:false,&quot;bg_slider&quot;:false,&quot;keep_padding&quot;:&quot;&quot;,&quot;hoverpause&quot;:false,&quot;show_slide_delay&quot;:30}\">\n<div class=\"avia-smallarrow-slider-heading no-content-slider-heading \">\n<div class=\"new-special-heading\"><\/div>\n<\/div>\n<div class=\"avia-content-slider-inner\">\n<div class=\"slide-entry-wrap next-active-slide active-slide\">\n<section class=\"slide-entry av-q1vqqbe-89bf2e798c3da3259f2aab470b0efa5b flex_column av_one_half post-entry slide-entry-overview slide-loop-1 slide-parity-odd post-entry-last first\">\n<div class=\"slide-entry-excerpt entry-content\">\n<div class=\"imgslidecaratteristiche\">Decoraci\u00f3n especial mate\/brillante inspirada \u2013 en las Beta del Campeonato del Mundo<\/div>\n<\/div>\n<\/section>\n<\/div>\n<\/div>\n<\/div>\n<\/div>\n<\/div>\n<\/div>\n<\/div>\n<\/div>\n<\/div>\n<div id=\"av_section_7\" class=\"avia-section av-5230soyf-a964c95e7a17613966715b8d291f9135 main_color avia-section-small avia-no-border-styling avia-builder-el-37 el_after_av_section el_before_av_tab_section avia-bg-style-scroll container_wrap fullsize\">\n<div class=\"container av-section-cont-open\">\n<div class=\"template-page content av-content-full alpha units\">\n<div class=\"post-entry post-entry-type-page post-entry-122391\">\n<div class=\"entry-content-wrapper clearfix\">\n<div class=\"hr av-4w0098rb-a7719199a36cb394d6223d864dd36cb6 hr-invisible avia-builder-el-38 el_before_av_heading avia-builder-el-first \"><\/div>\n<div class=\"av-special-heading av-4uj3nkk7-10c8f9b45740afb030a1d1a043c06357 av-special-heading-h3 blockquote modern-quote modern-centered avia-builder-el-39 el_after_av_hr avia-builder-el-last titletecnici av-inherit-size\">\n<h3 class=\"av-special-heading-tag\">DATOS T\u00c9CNICO<\/h3>\n<\/div>\n<\/div>\n<\/div>\n<\/div>\n<\/div>\n<\/div>\n<div id=\"caratteristicamoto\" class=\"av-tab-section-container entry-content-wrapper main_color av-tab-slide-transition av-tab-above-content avia-builder-el-40 el_after_av_section el_before_av_section tab-section-not-first container_wrap fullsize\">\n<div class=\"av-tab-section-outer-container av-4m5rcazb-ff62c0eabaedd8ce8952d0afd3de98e6\">\n<div class=\"av-tab-section-inner-container avia-section-small\">\n<div id=\"av-tab-section-1-1\" class=\"av-layout-tab av-lon1ybdm-eec91f6038a08852dcbb06e556aec78f av-animation-delay-container avia-builder-el-41 avia-builder-el-no-sibling __av_init_open av-active-tab-content\" data-av-deeplink-tabs=\"\" data-av-tab-section-content=\"1\" data-tab-section-id=\"rr-4t-125-r\">\n<div class=\"av-layout-tab-inner\">\n<div class=\"container\">\n<div class=\"flex_column av-ggzt53r-24389a6dddb65f33728b4edf3e7d3aba av_one_fifth avia-builder-el-42 el_before_av_four_fifth avia-builder-el-first first flex_column_div av-zero-column-padding \">\n<div class=\"av-special-heading av-fz47k5z-5c8b7f1c54a6fc6fc7cecbbdde09ff12 av-special-heading-h3 blockquote modern-quote modern-centered avia-builder-el-43 avia-builder-el-no-sibling av-inherit-size\">\n<h3 class=\"av-special-heading-tag\">CHASIS<\/h3>\n<\/div>\n<\/div>\n<div class=\"flex_column av-4b3tg4yf-2e501f3ef8274b78b8d2da4c7a67df9f av_four_fifth avia-builder-el-44 el_after_av_one_fifth el_before_av_hr flex_column_div av-zero-column-padding \">\n<section class=\"av_textblock_section av-43xwl5xz-f7f4d2df24b42f4d28713d574dfdb050\">\n<div class=\"avia_textblock\">\n<div class=\"features\">\n<p class=\"features-spec\">Chasis<\/p>\n<p class=\"features-value\">Acero con doble cuna desdoblada encima del escape<\/p>\n<\/div>\n<div class=\"features\">\n<p class=\"features-spec\">Entre ejes<\/p>\n<p class=\"features-value\">1435 mm<\/p>\n<\/div>\n<div class=\"features\">\n<p class=\"features-spec\">longitud m\u00e1xima<\/p>\n<p class=\"features-value\">2145 mm<\/p>\n<\/div>\n<div class=\"features\">\n<p class=\"features-spec\">anchura m\u00e1xima<\/p>\n<p class=\"features-value\">830 mm<\/p>\n<\/div>\n<div class=\"features\">\n<p class=\"features-spec\">altura m\u00e1xima desde el suelo<\/p>\n<p class=\"features-value\">1220 mm<\/p>\n<\/div>\n<\/div>\n<\/section>\n<\/div>\n<div class=\"hr av-42yg3syf-a198a7532857533b9c0d75dc284058f6 hr-invisible avia-builder-el-46 el_after_av_four_fifth el_before_av_one_fifth \"><\/div>\n<div class=\"flex_column av-3xn8e0nr-12ba46a961f082571264d432bdf98f5e av_one_fifth avia-builder-el-47 el_after_av_hr el_before_av_four_fifth first flex_column_div av-zero-column-padding \">\n<div class=\"av-special-heading av-3ta4c1qv-6b8f79620a99e062c8e1ebf235f611d1 av-special-heading-h3 blockquote modern-quote modern-centered avia-builder-el-48 avia-builder-el-no-sibling av-inherit-size\">\n<h3 class=\"av-special-heading-tag\">MOTOR<\/h3>\n<\/div>\n<\/div>\n<div class=\"flex_column av-3nr4sj4n-87a50a695103419086ce299136311f85 av_four_fifth avia-builder-el-49 el_after_av_one_fifth avia-builder-el-last flex_column_div av-zero-column-padding \">\n<section class=\"av_textblock_section av-3jhvgk5z-c6c2f92cdad479a3018fba572b5847e8\">\n<div class=\"avia_textblock\">\n<div class=\"features\">\n<p class=\"features-spec\">Tipo<\/p>\n<p class=\"features-value\">Monocilindrico 4 tiempos, refrigerado por liquido<\/p>\n<\/div>\n<div class=\"features\">\n<p class=\"features-spec\">Di\u00e1metro<\/p>\n<p class=\"features-value\">52,0 mm<\/p>\n<\/div>\n<div class=\"features\">\n<p class=\"features-spec\">Cursa<\/p>\n<p class=\"features-value\">58,7 mm<\/p>\n<\/div>\n<div class=\"features\">\n<p class=\"features-spec\">Cilindrada<\/p>\n<p class=\"features-value\">124,66 cc<\/p>\n<\/div>\n<div class=\"features\">\n<p class=\"features-spec\">Relaci\u00f3n de compresi\u00f3n<\/p>\n<p class=\"features-value\">12,5:1<\/p>\n<\/div>\n<\/div>\n<\/section>\n<\/div>\n<\/div>\n<\/div>\n<\/div>\n<\/div>\n<\/div>\n<\/div>\n","protected":false},"excerpt":{"rendered":"<p>PODEMOS COGER MOTO A CAMBIO<\/p>\n<p>Inf\u00f3rmate sobre la fecha de disponibilidad actual, puede variar.<\/p>\n","protected":false},"featured_media":17840,"template":"","meta":{"_et_pb_use_builder":"","_et_pb_old_content":"","_et_gb_content_width":""},"product_cat":[219,252,129],"product_tag":[],"_links":{"self":[{"href":"https:\/\/difrenos.com\/index.php\/wp-json\/wp\/v2\/product\/17839"}],"collection":[{"href":"https:\/\/difrenos.com\/index.php\/wp-json\/wp\/v2\/product"}],"about":[{"href":"https:\/\/difrenos.com\/index.php\/wp-json\/wp\/v2\/types\/product"}],"wp:featuredmedia":[{"embeddable":true,"href":"https:\/\/difrenos.com\/index.php\/wp-json\/wp\/v2\/media\/17840"}],"wp:attachment":[{"href":"https:\/\/difrenos.com\/index.php\/wp-json\/wp\/v2\/media?parent=17839"}],"wp:term":[{"taxonomy":"product_cat","embeddable":true,"href":"https:\/\/difrenos.com\/index.php\/wp-json\/wp\/v2\/product_cat?post=17839"},{"taxonomy":"product_tag","embeddable":true,"href":"https:\/\/difrenos.com\/index.php\/wp-json\/wp\/v2\/product_tag?post=17839"}],"curies":[{"name":"wp","href":"https:\/\/api.w.org\/{rel}","templated":true}]}}