{"id":17818,"date":"2025-02-27T11:35:07","date_gmt":"2025-02-27T11:35:07","guid":{"rendered":"https:\/\/difrenos.com\/?post_type=product&#038;p=17818"},"modified":"2026-02-03T12:32:03","modified_gmt":"2026-02-03T12:32:03","slug":"camiseta-interior-husqvarna-functional","status":"publish","type":"product","link":"https:\/\/difrenos.com\/index.php\/producto\/camiseta-interior-husqvarna-functional\/","title":{"rendered":"Camiseta Interior Husqvarna Functional"},"content":{"rendered":"<p>Referencias:<br \/>\n3HS1943104 Talla L<br \/>\n3HS1943105 Talla XL<br \/>\n3HS1943106 Talla XXL<\/p>\n<ul>\n<li>Camiseta interior termorreguladora de manga larga<\/li>\n<li>Mezcla de lana merina y poli\u00e9ster para el m\u00e1ximo confort<\/li>\n<li>Combinable con todo tipo de equipaci\u00f3n t\u00e9cnica<\/li>\n<li>Inserciones de malla integradas para una transpirabilidad m\u00e1xima y para proteger contra una sudoraci\u00f3n excesiva<\/li>\n<li>74 % Merino \/ 26 % Poli\u00e9ster<\/li>\n<\/ul>\n","protected":false},"excerpt":{"rendered":"<p>Referencias: 3HS1943104 Talla L 3HS1943105 Talla XL 3HS1943106 Talla XXL Camiseta interior termorreguladora de manga larga Mezcla de lana merina y poli\u00e9ster para el m\u00e1ximo confort Combinable con todo tipo de equipaci\u00f3n t\u00e9cnica Inserciones de malla integradas para una transpirabilidad m\u00e1xima y para proteger contra una sudoraci\u00f3n excesiva 74 % Merino \/ 26 % Poli\u00e9ster<\/p>\n","protected":false},"featured_media":17822,"template":"","meta":{"_et_pb_use_builder":"","_et_pb_old_content":"","_et_gb_content_width":""},"product_cat":[33,755,37,70,701,200],"product_tag":[108],"_links":{"self":[{"href":"https:\/\/difrenos.com\/index.php\/wp-json\/wp\/v2\/product\/17818"}],"collection":[{"href":"https:\/\/difrenos.com\/index.php\/wp-json\/wp\/v2\/product"}],"about":[{"href":"https:\/\/difrenos.com\/index.php\/wp-json\/wp\/v2\/types\/product"}],"wp:featuredmedia":[{"embeddable":true,"href":"https:\/\/difrenos.com\/index.php\/wp-json\/wp\/v2\/media\/17822"}],"wp:attachment":[{"href":"https:\/\/difrenos.com\/index.php\/wp-json\/wp\/v2\/media?parent=17818"}],"wp:term":[{"taxonomy":"product_cat","embeddable":true,"href":"https:\/\/difrenos.com\/index.php\/wp-json\/wp\/v2\/product_cat?post=17818"},{"taxonomy":"product_tag","embeddable":true,"href":"https:\/\/difrenos.com\/index.php\/wp-json\/wp\/v2\/product_tag?post=17818"}],"curies":[{"name":"wp","href":"https:\/\/api.w.org\/{rel}","templated":true}]}}