{"id":17679,"date":"2025-02-24T16:30:50","date_gmt":"2025-02-24T16:30:50","guid":{"rendered":"https:\/\/difrenos.com\/?post_type=product&#038;p=17679"},"modified":"2026-03-31T21:34:49","modified_gmt":"2026-03-31T21:34:49","slug":"husqvarna-svartpilen-401-2025","status":"publish","type":"product","link":"https:\/\/difrenos.com\/index.php\/producto\/husqvarna-svartpilen-401-2025\/","title":{"rendered":"HUSQVARNA SVARTPILEN 401 2025"},"content":{"rendered":"<div class=\"aem-Grid aem-Grid--12 aem-Grid--default--12 \">\n<div class=\"maininfo aem-GridColumn aem-GridColumn--default--12\">\n<div class=\"container js-vehicle-id\" data-vehicle-id=\"1004204110\">\n<div class=\"models component js-models\">\n<div class=\"row models__row-reverse\">\n<div class=\"col-xl-4 col-lg-5 col-lg-5 col-lg-5--bottom-col col-md-12 models__reverse-col-offset-lg\">\n<div class=\"models__price js-price\">\n<ul class=\"models__price-rates\">\n<li class=\"models__rate js-model-rate\" data-color=\"GREY\">\n<div class=\"js-model-price\" data-amount=\"6399.0\"><\/div>\n<\/li>\n<\/ul>\n<div class=\"models__manufacturer-info models__manufacturer-info--desktop-only\">\n<div class=\"models__price-note\">\n<div class=\"models__price-note-container js-collapse-linebreak models__price-note-container__expanded\">\n<p>&nbsp;<\/p>\n<\/div>\n<\/div>\n<\/div>\n<\/div>\n<div class=\"models__description models__description--desktop-only\">La Svartpilen 401 es sin duda la m\u00e1quina definitiva para moverse por el entorno metropolitano. Ligero, c\u00f3modo de pilotar y con un dise\u00f1o realmente distintivo, este modelo de \u00faltima generaci\u00f3n ofrece un nuevo giro a la exploraci\u00f3n urbana sobre dos ruedas. Un potente motor no s\u00f3lo proporciona potencia a demanda, sino que es m\u00e1s ligero y compacto, lo que contribuye a la sensaci\u00f3n de agilidad de esta maravilla urbana. Las suspensiones WP ajustables garantizan la marcha m\u00e1s suave por las carreteras m\u00e1s accidentadas, mientras que los gr\u00e1ficos de inspiraci\u00f3n sueca presentan una sutil mezcla de tonos oscuros para crear una presencia formidable.<\/div>\n<\/div>\n<\/div>\n<\/div>\n<\/div>\n<\/div>\n<\/div>\n<div class=\"responsivegrid-1-column responsivegrid aem-GridColumn aem-GridColumn--default--12\">\n<div class=\"container\">\n<div class=\"aem-Grid aem-Grid--12 aem-Grid--default--12 \"><\/div>\n<\/div>\n<\/div>\n<div class=\"benefits aem-GridColumn aem-GridColumn--default--12\">\n<section class=\"c-benefit component js-benefits\">\n<article class=\"c-benefit__category js-benefit-category\">\n<div class=\"container-fluid p-0\">\n<div class=\"container\">\n<h3 class=\"c-benefit__heading highlight\">01. The lines<\/h3>\n<\/div>\n<article class=\"c-benefit__feature c-benefit__feature--first-feature js-benefit-feature \">\n<figure class=\"c-benefit__benefit-image\"><img src=\"https:\/\/azwecdnepstoragewebsiteuploads.azureedge.net\/PHO_BIKE_DET_Svartpilen-401-2024-benefit-02_%23SALL_%23AEPI_%23V1.jpg\" alt=\"The lines\" \/><\/figure>\n<\/article>\n<\/div>\n<div class=\"container\">\n<div class=\"c-benefit__feature-container\" data-display=\"hqv-desktop\">\n<div class=\"glider glider--hqv glider--hqv-active glide--ltr glide--slider glide--swipeable\">\n<div class=\"glide__track\" data-glide-el=\"track\">\n<section class=\"c-benefit__features glide__slides\">\n<article class=\"c-benefit__feature js-benefit-feature glide__slide js-benefit-slide\">\n<figure class=\"c-benefit__feature-image\"><\/figure>\n<div class=\"c-benefit__feature-content\">\n<div class=\"c-benefit__feature-content-body\"><\/div>\n<\/div>\n<\/article>\n<\/section>\n<\/div>\n<div class=\"glide__arrows\" data-glide-el=\"controls\"><\/div>\n<\/div>\n<\/div>\n<\/div>\n<\/article>\n<article class=\"c-benefit__category js-benefit-category\">\n<div class=\"container-fluid p-0\">\n<div class=\"container\">\n<h3 class=\"c-benefit__heading highlight\">02. The thrill<\/h3>\n<\/div>\n<article class=\"c-benefit__feature c-benefit__feature--first-feature js-benefit-feature \">\n<figure class=\"c-benefit__benefit-image\"><img src=\"https:\/\/azwecdnepstoragewebsiteuploads.azureedge.net\/PHO_BIKE_DET_Svartpilen-401-2024-benefit-03_%23SALL_%23AEPI_%23V1.jpg\" alt=\"The thrill\" \/><\/figure>\n<\/article>\n<\/div>\n<div class=\"container\">\n<div class=\"c-benefit__feature-container\" data-display=\"hqv-desktop\">\n<div class=\"glider glider--hqv glider--hqv-active glide--ltr glide--slider glide--swipeable\">\n<div class=\"glide__track\" data-glide-el=\"track\">\n<section class=\"c-benefit__features glide__slides\">\n<article class=\"c-benefit__feature js-benefit-feature glide__slide js-benefit-slide\">\n<figure class=\"c-benefit__feature-image\"><\/figure>\n<div class=\"c-benefit__feature-content\">\n<div class=\"c-benefit__feature-content-body\"><\/div>\n<\/div>\n<\/article>\n<article class=\"c-benefit__feature js-benefit-feature glide__slide js-benefit-slide\">\n<div class=\"c-benefit__feature-content\"><\/div>\n<\/article>\n<\/section>\n<\/div>\n<div class=\"glide__arrows\" data-glide-el=\"controls\"><\/div>\n<\/div>\n<\/div>\n<\/div>\n<\/article>\n<article class=\"c-benefit__category js-benefit-category\">\n<div class=\"container-fluid p-0\">\n<div class=\"container\">\n<h3 class=\"c-benefit__heading highlight\">03. The feeling<\/h3>\n<\/div>\n<article class=\"c-benefit__feature c-benefit__feature--first-feature js-benefit-feature \">\n<figure class=\"c-benefit__benefit-image\"><img src=\"https:\/\/azwecdnepstoragewebsiteuploads.azureedge.net\/PHO_BIKE_DET_Svartpilen-401-2024-benefit-01_%23SALL_%23AEPI_%23V1.jpg\" alt=\"The feeling\" \/><\/figure>\n<\/article>\n<\/div>\n<div class=\"container\">\n<div class=\"c-benefit__feature-container\" data-display=\"hqv-desktop\">\n<div class=\"glider glider--hqv glider--hqv-active glide--ltr glide--slider glide--swipeable\">\n<div class=\"glide__track\" data-glide-el=\"track\">\n<section class=\"c-benefit__features glide__slides\">\n<article class=\"c-benefit__feature js-benefit-feature glide__slide js-benefit-slide\">\n<figure class=\"c-benefit__feature-image\"><\/figure>\n<div class=\"c-benefit__feature-content\">\n<div class=\"c-benefit__feature-content-body\"><\/div>\n<\/div>\n<\/article>\n<\/section>\n<\/div>\n<\/div>\n<\/div>\n<\/div>\n<\/article>\n<article class=\"c-benefit__category js-benefit-category\">\n<div class=\"container-fluid p-0\">\n<div class=\"container\">\n<h3 class=\"c-benefit__heading highlight\">04. The tech<\/h3>\n<\/div>\n<article class=\"c-benefit__feature c-benefit__feature--first-feature js-benefit-feature \">\n<figure class=\"c-benefit__benefit-image\"><img src=\"https:\/\/azwecdnepstoragewebsiteuploads.azureedge.net\/PHO_BIKE_DET_Svartpilen-401-2024-benefit-05_%23SALL_%23AEPI_%23V1.jpg\" alt=\"The tech\" \/><\/figure>\n<\/article>\n<\/div>\n<\/article>\n<\/section>\n<\/div>\n<div class=\"technicaldata aem-GridColumn aem-GridColumn--default--12\">\n<section class=\"c-technical-data component js-technical-data\">\n<div class=\"container\">\n<div class=\"row\">\n<div class=\"col-md-12 col-lg-3 c-technical-data__image c-technical-data__image--left\"><\/div>\n<div class=\"col-md-12 col-lg-9\">\n<div class=\"row c-technical-data__backdrop c-technical-data__backdrop--top js-heading-row\">\n<div class=\"col-sm-12\">\n<h3 class=\"c-technical-data__heading highlight\">Detalles T\u00e9cnicos<\/h3>\n<\/div>\n<\/div>\n<div class=\"row c-technical-data__backdrop js-data-row\">\n<div class=\"col-md-12 col-lg-6\">\n<article class=\"c-technical-data__group\">\n<h2 class=\"c-technical-data__group-heading js-group-toggle\">Motor<\/h2>\n<ul class=\"c-technical-data__list js-technical-data-list\">\n<li><span class=\"c-technical-data__list-label\">Transmisi\u00f3n primaria<\/span><span class=\"c-technical-data__list-value\">33:86<\/span><\/li>\n<li><span class=\"c-technical-data__list-label\">Cambio<\/span><span class=\"c-technical-data__list-value\">6 marchas<\/span><\/li>\n<li><span class=\"c-technical-data__list-label\">Refrigeraci\u00f3n<\/span><span class=\"c-technical-data__list-value\">Refrigeraci\u00f3n l\u00edquida<\/span><\/li>\n<li><span class=\"c-technical-data__list-label\">Transmisi\u00f3n secundaria<\/span><span class=\"c-technical-data__list-value\">14:45<\/span><\/li>\n<li><span class=\"c-technical-data__list-label\">Potencia en Kw<\/span><span class=\"c-technical-data__list-value\">33 kW<\/span><\/li>\n<li class=\"\"><span class=\"c-technical-data__list-label\">Arranque<\/span><span class=\"c-technical-data__list-value\">Arranque el\u00e9ctrico<\/span><\/li>\n<li class=\"\"><span class=\"c-technical-data__list-label\">Carrera<\/span><span class=\"c-technical-data__list-value\">64 mm<\/span><\/li>\n<li class=\"\"><span class=\"c-technical-data__list-label\">Di\u00e1metro<\/span><span class=\"c-technical-data__list-value\">89 mm<\/span><\/li>\n<li class=\"\"><span class=\"c-technical-data__list-label\">Emisiones de CO<sub>2<\/sub><\/span><span class=\"c-technical-data__list-value\">79 g\/km<\/span><\/li>\n<li class=\"\"><span class=\"c-technical-data__list-label\">Compresi\u00f3n<\/span><span class=\"c-technical-data__list-value\">12.6<\/span><\/li>\n<li class=\"\"><span class=\"c-technical-data__list-label\">Cilindrada<\/span><span class=\"c-technical-data__list-value\">398.6 cm\u00b3<\/span><\/li>\n<li class=\"\"><span class=\"c-technical-data__list-label\">EMS<\/span><span class=\"c-technical-data__list-value\">EMS de Bosch con RBW<\/span><\/li>\n<li class=\"\"><span class=\"c-technical-data__list-label\">Estructura<\/span><span class=\"c-technical-data__list-value\">Motor monocil\u00edndrico de 4 tiempos<\/span><\/li>\n<li class=\"\"><span class=\"c-technical-data__list-label\">Preparaci\u00f3n de la mezcla<\/span><span class=\"c-technical-data__list-value\">DKK Dellorto (cuerpo de la v\u00e1lvula de mariposa de 46\u00a0mm)<\/span><\/li>\n<li class=\"\"><span class=\"c-technical-data__list-label\">Engrase<\/span><span class=\"c-technical-data__list-value\">Lubricaci\u00f3n por c\u00e1rter h\u00famedo<\/span><\/li>\n<\/ul>\n<\/article>\n<\/div>\n<div class=\"col-md-12 col-lg-6\">\n<article class=\"c-technical-data__group c-technical-data__group--last\">\n<h2 class=\"c-technical-data__group-heading js-group-toggle\">Parte Ciclo<\/h2>\n<ul class=\"c-technical-data__list js-technical-data-list\">\n<li><span class=\"c-technical-data__list-label\">Peso (sin combustible)<\/span><span class=\"c-technical-data__list-value\">159 kg<\/span><\/li>\n<li><span class=\"c-technical-data__list-label\">Capacidad del dep\u00f3sito (aprox.)<\/span><span class=\"c-technical-data__list-value\">13 l<\/span><\/li>\n<li><span class=\"c-technical-data__list-label\">Distancia entre ejes<\/span><span class=\"c-technical-data__list-value\">1368 mm<\/span><\/li>\n<li><span class=\"c-technical-data__list-label\">Di\u00e1metro del disco de freno delantero<\/span><span class=\"c-technical-data__list-value\">320 mm<\/span><\/li>\n<li><span class=\"c-technical-data__list-label\">Di\u00e1metro del disco de freno trasero<\/span><span class=\"c-technical-data__list-value\">240 mm<\/span><\/li>\n<li class=\"\"><span class=\"c-technical-data__list-label\">Freno delantero<\/span><span class=\"c-technical-data__list-value\">ByBre, pinzas fijas radiales de cuatro pistones, disco de freno<\/span><\/li>\n<li class=\"\"><span class=\"c-technical-data__list-label\">Freno trasero<\/span><span class=\"c-technical-data__list-value\">ByBre, pinza flotante de dos pistones, disco de freno<\/span><\/li>\n<li class=\"\"><span class=\"c-technical-data__list-label\">Cadena<\/span><span class=\"c-technical-data__list-value\">Junta en X 520<\/span><\/li>\n<li class=\"\"><span class=\"c-technical-data__list-label\">Estructura del chasis<\/span><span class=\"c-technical-data__list-value\">Chasis multitubular de acero, pintado al polvo<\/span><\/li>\n<li class=\"\"><span class=\"c-technical-data__list-label\">Suspensi\u00f3n delantera<\/span><span class=\"c-technical-data__list-value\">WP APEX 43<\/span><\/li>\n<li class=\"\"><span class=\"c-technical-data__list-label\">Altura libre al suelo<\/span><span class=\"c-technical-data__list-value\">180 mm<\/span><\/li>\n<li class=\"\"><span class=\"c-technical-data__list-label\">Manillar<\/span><span class=\"c-technical-data__list-value\">Aluminum<\/span><\/li>\n<li class=\"\"><span class=\"c-technical-data__list-label\">Suspensi\u00f3n trasera<\/span><span class=\"c-technical-data__list-value\">Amortiguador WP APEX<\/span><\/li>\n<li class=\"\"><span class=\"c-technical-data__list-label\">Altura del asiento<\/span><span class=\"c-technical-data__list-value\">820 mm<\/span><\/li>\n<li class=\"\"><span class=\"c-technical-data__list-label\">Silenciador<\/span><span class=\"c-technical-data__list-value\">Silenciador en acero inoxidable con catalizador homologado<\/span><\/li>\n<li class=\"\"><span class=\"c-technical-data__list-label\">\u00c1ngulo de direcci\u00f3n<\/span><span class=\"c-technical-data__list-value\">66 \u00b0<\/span><\/li>\n<li class=\"\"><span class=\"c-technical-data__list-label\">Estructura del subchasis trasero<\/span><span class=\"c-technical-data__list-value\">Chasis multitubular de acero, pintado al polvo<\/span><\/li>\n<li class=\"\"><span class=\"c-technical-data__list-label\">Recorrido de suspensi\u00f3n delantera<\/span><span class=\"c-technical-data__list-value\">150 mm<\/span><\/li>\n<li class=\"\"><span class=\"c-technical-data__list-label\">Recorrido de suspensi\u00f3n trasera<\/span><span class=\"c-technical-data__list-value\">150 mm<\/span><\/li>\n<li class=\"\"><span class=\"c-technical-data__list-label\">Dimensiones de neum\u00e1ticos (delantero\/trasero)<\/span><span class=\"c-technical-data__list-value\">110\/70; 150\/60<\/span><\/li>\n<li class=\"\"><span class=\"c-technical-data__list-label\">Ruedas<\/span><span class=\"c-technical-data__list-value\">3 x 17&#8243;; 4 x 17&#8243;<\/span><\/li>\n<li class=\"\"><span class=\"c-technical-data__list-label\">Ruedas<\/span><span class=\"c-technical-data__list-value\">Llantas de aluminio de radios<\/span><\/li>\n<\/ul>\n<\/article>\n<\/div>\n<\/div>\n<\/div>\n<\/div>\n<\/div>\n<\/section>\n<\/div>\n","protected":false},"excerpt":{"rendered":"<p>podemos coger moto a cambio<\/p>\n<p>OFERTA VALIDA HASTA EL 31\/06\/2026 Y\/O FIN DE EXISTENCIAS<\/p>\n<p>OFERTA FINANCIACI\u00d3N AL 2,99% TIN A 3 A\u00d1OS (FOTO CON EJEMPLOS)<\/p>\n","protected":false},"featured_media":20852,"template":"","meta":{"_et_pb_use_builder":"","_et_pb_old_content":"","_et_gb_content_width":""},"product_cat":[324,129,330],"product_tag":[],"_links":{"self":[{"href":"https:\/\/difrenos.com\/index.php\/wp-json\/wp\/v2\/product\/17679"}],"collection":[{"href":"https:\/\/difrenos.com\/index.php\/wp-json\/wp\/v2\/product"}],"about":[{"href":"https:\/\/difrenos.com\/index.php\/wp-json\/wp\/v2\/types\/product"}],"wp:featuredmedia":[{"embeddable":true,"href":"https:\/\/difrenos.com\/index.php\/wp-json\/wp\/v2\/media\/20852"}],"wp:attachment":[{"href":"https:\/\/difrenos.com\/index.php\/wp-json\/wp\/v2\/media?parent=17679"}],"wp:term":[{"taxonomy":"product_cat","embeddable":true,"href":"https:\/\/difrenos.com\/index.php\/wp-json\/wp\/v2\/product_cat?post=17679"},{"taxonomy":"product_tag","embeddable":true,"href":"https:\/\/difrenos.com\/index.php\/wp-json\/wp\/v2\/product_tag?post=17679"}],"curies":[{"name":"wp","href":"https:\/\/api.w.org\/{rel}","templated":true}]}}