{"id":17647,"date":"2025-02-21T13:23:49","date_gmt":"2025-02-21T13:23:49","guid":{"rendered":"https:\/\/difrenos.com\/?post_type=product&#038;p=17647"},"modified":"2026-02-03T12:59:46","modified_gmt":"2026-02-03T12:59:46","slug":"chaleco-husqvarna-gotland-2","status":"publish","type":"product","link":"https:\/\/difrenos.com\/index.php\/producto\/chaleco-husqvarna-gotland-2\/","title":{"rendered":"Chaleco Husqvarna Gotland"},"content":{"rendered":"<p>Referencias:<br \/>\n3HS210033302 Talla S<br \/>\n3HS210033304 Talla L<\/p>\n<ul>\n<li>Chaleco funcional vers\u00e1til de softshell<\/li>\n<li>Varios bolsillos exteriores<\/li>\n<li>Gran bolsillo cargo en la parte trasera<\/li>\n<li>Gu\u00eda para tubo TPR para el sistema de bebida<\/li>\n<li>63 % Poli\u00e9ster \/ 37 % Nylon<\/li>\n<\/ul>\n","protected":false},"excerpt":{"rendered":"<p>Referencias: 3HS210033302 Talla S 3HS210033304 Talla L Chaleco funcional vers\u00e1til de softshell Varios bolsillos exteriores Gran bolsillo cargo en la parte trasera Gu\u00eda para tubo TPR para el sistema de bebida 63 % Poli\u00e9ster \/ 37 % Nylon<\/p>\n","protected":false},"featured_media":17650,"template":"","meta":{"_et_pb_use_builder":"","_et_pb_old_content":"","_et_gb_content_width":""},"product_cat":[33,238,51,754,701],"product_tag":[108,142],"_links":{"self":[{"href":"https:\/\/difrenos.com\/index.php\/wp-json\/wp\/v2\/product\/17647"}],"collection":[{"href":"https:\/\/difrenos.com\/index.php\/wp-json\/wp\/v2\/product"}],"about":[{"href":"https:\/\/difrenos.com\/index.php\/wp-json\/wp\/v2\/types\/product"}],"wp:featuredmedia":[{"embeddable":true,"href":"https:\/\/difrenos.com\/index.php\/wp-json\/wp\/v2\/media\/17650"}],"wp:attachment":[{"href":"https:\/\/difrenos.com\/index.php\/wp-json\/wp\/v2\/media?parent=17647"}],"wp:term":[{"taxonomy":"product_cat","embeddable":true,"href":"https:\/\/difrenos.com\/index.php\/wp-json\/wp\/v2\/product_cat?post=17647"},{"taxonomy":"product_tag","embeddable":true,"href":"https:\/\/difrenos.com\/index.php\/wp-json\/wp\/v2\/product_tag?post=17647"}],"curies":[{"name":"wp","href":"https:\/\/api.w.org\/{rel}","templated":true}]}}