{"id":17637,"date":"2025-02-21T12:17:30","date_gmt":"2025-02-21T12:17:30","guid":{"rendered":"https:\/\/difrenos.com\/?post_type=product&#038;p=17637"},"modified":"2026-04-13T15:25:28","modified_gmt":"2026-04-13T15:25:28","slug":"17637","status":"publish","type":"product","link":"https:\/\/difrenos.com\/index.php\/producto\/17637\/","title":{"rendered":"GAS GAS TXT 300 RC 2025 SEMINUEVA"},"content":{"rendered":"<p>Moto utilizada por mi 5 ma\u00f1anas.<\/p>\n<p>Se matricula de nueva en 2026, se factura de nueva. Garant\u00eda de nueva.<\/p>\n<p>La entregamos con la 1\u00aa revisi\u00f3n hecha.<\/p>\n<p>Posibilidad de coger moto a cambio.<\/p>\n<p>Disponemos de servicio de transporte.<\/p>\n<p>Gestionamos financiaci\u00f3n a trav\u00e9s de Santander Consumer.<\/p>\n<p>Whatsapp -659968466-<\/p>\n","protected":false},"excerpt":{"rendered":"<p>FINANCIACION AL 2,99% TIN A 36 MESES, oferta v\u00e1lida hasta el 30\/06\/2026, despu\u00e9s inf\u00f3rmate (sujeta a aprobaci\u00f3n de la financiera)<\/p>\n","protected":false},"featured_media":17639,"template":"","meta":{"_et_pb_use_builder":"","_et_pb_old_content":"","_et_gb_content_width":""},"product_cat":[259,129,133,284,205],"product_tag":[],"_links":{"self":[{"href":"https:\/\/difrenos.com\/index.php\/wp-json\/wp\/v2\/product\/17637"}],"collection":[{"href":"https:\/\/difrenos.com\/index.php\/wp-json\/wp\/v2\/product"}],"about":[{"href":"https:\/\/difrenos.com\/index.php\/wp-json\/wp\/v2\/types\/product"}],"wp:featuredmedia":[{"embeddable":true,"href":"https:\/\/difrenos.com\/index.php\/wp-json\/wp\/v2\/media\/17639"}],"wp:attachment":[{"href":"https:\/\/difrenos.com\/index.php\/wp-json\/wp\/v2\/media?parent=17637"}],"wp:term":[{"taxonomy":"product_cat","embeddable":true,"href":"https:\/\/difrenos.com\/index.php\/wp-json\/wp\/v2\/product_cat?post=17637"},{"taxonomy":"product_tag","embeddable":true,"href":"https:\/\/difrenos.com\/index.php\/wp-json\/wp\/v2\/product_tag?post=17637"}],"curies":[{"name":"wp","href":"https:\/\/api.w.org\/{rel}","templated":true}]}}