{"id":17561,"date":"2025-02-19T13:21:12","date_gmt":"2025-02-19T13:21:12","guid":{"rendered":"https:\/\/difrenos.com\/?post_type=product&#038;p=17561"},"modified":"2026-02-03T12:23:50","modified_gmt":"2026-02-03T12:23:50","slug":"camiseta-husqvarna-remote","status":"publish","type":"product","link":"https:\/\/difrenos.com\/index.php\/producto\/camiseta-husqvarna-remote\/","title":{"rendered":"Camiseta Husqvarna Remote"},"content":{"rendered":"<p>Referencias:<br \/>\n3HS230028503 Talla M<br \/>\n3HS230028504 Talla L<\/p>\n<ul>\n<li>Ajuste estrecho<\/li>\n<li>Sensaci\u00f3n t\u00e1ctil suave<\/li>\n<li>Mangas ragl\u00e1n<\/li>\n<li>100 % Algod\u00f3n<\/li>\n<\/ul>\n","protected":false},"excerpt":{"rendered":"<p>Referencias: 3HS230028503 Talla M 3HS230028504 Talla L Ajuste estrecho Sensaci\u00f3n t\u00e1ctil suave Mangas ragl\u00e1n 100 % Algod\u00f3n<\/p>\n","protected":false},"featured_media":17562,"template":"","meta":{"_et_pb_use_builder":"","_et_pb_old_content":"","_et_gb_content_width":""},"product_cat":[33,755,37,49,701],"product_tag":[48,108],"_links":{"self":[{"href":"https:\/\/difrenos.com\/index.php\/wp-json\/wp\/v2\/product\/17561"}],"collection":[{"href":"https:\/\/difrenos.com\/index.php\/wp-json\/wp\/v2\/product"}],"about":[{"href":"https:\/\/difrenos.com\/index.php\/wp-json\/wp\/v2\/types\/product"}],"wp:featuredmedia":[{"embeddable":true,"href":"https:\/\/difrenos.com\/index.php\/wp-json\/wp\/v2\/media\/17562"}],"wp:attachment":[{"href":"https:\/\/difrenos.com\/index.php\/wp-json\/wp\/v2\/media?parent=17561"}],"wp:term":[{"taxonomy":"product_cat","embeddable":true,"href":"https:\/\/difrenos.com\/index.php\/wp-json\/wp\/v2\/product_cat?post=17561"},{"taxonomy":"product_tag","embeddable":true,"href":"https:\/\/difrenos.com\/index.php\/wp-json\/wp\/v2\/product_tag?post=17561"}],"curies":[{"name":"wp","href":"https:\/\/api.w.org\/{rel}","templated":true}]}}