{"id":17514,"date":"2025-02-18T15:00:39","date_gmt":"2025-02-18T15:00:39","guid":{"rendered":"https:\/\/difrenos.com\/?post_type=product&#038;p=17514"},"modified":"2026-02-03T12:36:04","modified_gmt":"2026-02-03T12:36:04","slug":"camiseta-husqvarna-kids-railed-edrive","status":"publish","type":"product","link":"https:\/\/difrenos.com\/index.php\/producto\/camiseta-husqvarna-kids-railed-edrive\/","title":{"rendered":"Camiseta Husqvarna Kids Railed Edrive"},"content":{"rendered":"<p>Referencias:<br \/>\n3HS220047801 Talla XS<br \/>\n3HS220047802 Talla S<br \/>\n3HS220047803 Talla M<br \/>\n3HS220047804 Talla L<br \/>\n3HS220047805 Talla XL<\/p>\n<ul>\n<li>Camiseta offroad Performance para ni\u00f1os<\/li>\n<li>Estampados por sublimaci\u00f3n resistentes a rayos UV y al deste\u00f1ido<\/li>\n<li>Zonas de ventilaci\u00f3n perforadas<\/li>\n<li>Tejido de PE bien ventilado<\/li>\n<li>Mangas ragl\u00e1nInserciones de malla<\/li>\n<\/ul>\n","protected":false},"excerpt":{"rendered":"<p>Referencias: 3HS220047801 Talla XS 3HS220047802 Talla S 3HS220047803 Talla M 3HS220047804 Talla L 3HS220047805 Talla XL Camiseta offroad Performance para ni\u00f1os Estampados por sublimaci\u00f3n resistentes a rayos UV y al deste\u00f1ido Zonas de ventilaci\u00f3n perforadas Tejido de PE bien ventilado Mangas ragl\u00e1nInserciones de malla<\/p>\n","protected":false},"featured_media":17516,"template":"","meta":{"_et_pb_use_builder":"","_et_pb_old_content":"","_et_gb_content_width":""},"product_cat":[33,755,224,701,116,504],"product_tag":[108,117,407],"_links":{"self":[{"href":"https:\/\/difrenos.com\/index.php\/wp-json\/wp\/v2\/product\/17514"}],"collection":[{"href":"https:\/\/difrenos.com\/index.php\/wp-json\/wp\/v2\/product"}],"about":[{"href":"https:\/\/difrenos.com\/index.php\/wp-json\/wp\/v2\/types\/product"}],"wp:featuredmedia":[{"embeddable":true,"href":"https:\/\/difrenos.com\/index.php\/wp-json\/wp\/v2\/media\/17516"}],"wp:attachment":[{"href":"https:\/\/difrenos.com\/index.php\/wp-json\/wp\/v2\/media?parent=17514"}],"wp:term":[{"taxonomy":"product_cat","embeddable":true,"href":"https:\/\/difrenos.com\/index.php\/wp-json\/wp\/v2\/product_cat?post=17514"},{"taxonomy":"product_tag","embeddable":true,"href":"https:\/\/difrenos.com\/index.php\/wp-json\/wp\/v2\/product_tag?post=17514"}],"curies":[{"name":"wp","href":"https:\/\/api.w.org\/{rel}","templated":true}]}}