{"id":17469,"date":"2025-02-18T08:28:54","date_gmt":"2025-02-18T08:28:54","guid":{"rendered":"https:\/\/difrenos.com\/?post_type=product&#038;p=17469"},"modified":"2026-03-12T10:03:16","modified_gmt":"2026-03-12T10:03:16","slug":"motul-tech-grease-300-200gr","status":"publish","type":"product","link":"https:\/\/difrenos.com\/index.php\/producto\/motul-tech-grease-300-200gr\/","title":{"rendered":"MOTUL TECH GREASE 300 200GR"},"content":{"rendered":"<p>Grasa multiservicio alta de gama de elevad\u00edsimas prestaciones lubricantes, su aplicaci\u00f3n es id\u00f3nea en:<\/p>\n<p>Moto : Rodamientos, ejes, bujes.<\/p>\n<p>Coche: Rodamientos, chasis, juntas homocin\u00e9ticas, cardan, r\u00f3tulas, bomba agua.<\/p>\n<p>N\u00e1utica : Ejes, rodamientos, articulaciones, mecanismos expuestos al agua de mar.<\/p>\n<p>Transporte, Agricultura y Obras P\u00fablicas: Rodamientos, articulaciones, ejes, engrase general, especialmente aquellos \u00f3rganos y mecanismos expuestos a la intemperie.<\/p>\n<p>Temperatura de uso continuado -30\u00baC a +150\u00baC. Temperatura m\u00e1xima (moment\u00e1nea) +200\u00baC.<\/p>\n<p><strong>PRESTACIONES ESPECIFICACIONES:<\/strong>\u00a0DIN 51.502: KP 2 P-30<\/p>\n","protected":false},"excerpt":{"rendered":"<p>Grasa multiservicio alta de gama de elevad\u00edsimas prestaciones lubricantes, su aplicaci\u00f3n es id\u00f3nea en: Moto : Rodamientos, ejes, bujes. Coche: Rodamientos, chasis, juntas homocin\u00e9ticas, cardan, r\u00f3tulas, bomba agua. N\u00e1utica : Ejes, rodamientos, articulaciones, mecanismos expuestos al agua de mar. Transporte, Agricultura y Obras P\u00fablicas: Rodamientos, articulaciones, ejes, engrase general, especialmente aquellos \u00f3rganos y mecanismos expuestos [&hellip;]<\/p>\n","protected":false},"featured_media":17470,"template":"","meta":{"_et_pb_use_builder":"","_et_pb_old_content":"","_et_gb_content_width":""},"product_cat":[825,170],"product_tag":[],"_links":{"self":[{"href":"https:\/\/difrenos.com\/index.php\/wp-json\/wp\/v2\/product\/17469"}],"collection":[{"href":"https:\/\/difrenos.com\/index.php\/wp-json\/wp\/v2\/product"}],"about":[{"href":"https:\/\/difrenos.com\/index.php\/wp-json\/wp\/v2\/types\/product"}],"wp:featuredmedia":[{"embeddable":true,"href":"https:\/\/difrenos.com\/index.php\/wp-json\/wp\/v2\/media\/17470"}],"wp:attachment":[{"href":"https:\/\/difrenos.com\/index.php\/wp-json\/wp\/v2\/media?parent=17469"}],"wp:term":[{"taxonomy":"product_cat","embeddable":true,"href":"https:\/\/difrenos.com\/index.php\/wp-json\/wp\/v2\/product_cat?post=17469"},{"taxonomy":"product_tag","embeddable":true,"href":"https:\/\/difrenos.com\/index.php\/wp-json\/wp\/v2\/product_tag?post=17469"}],"curies":[{"name":"wp","href":"https:\/\/api.w.org\/{rel}","templated":true}]}}