{"id":17394,"date":"2025-02-14T13:40:45","date_gmt":"2025-02-14T13:40:45","guid":{"rendered":"https:\/\/difrenos.com\/?post_type=product&#038;p=17394"},"modified":"2025-09-26T13:02:17","modified_gmt":"2025-09-26T13:02:17","slug":"rinonera-hebo-spyder","status":"publish","type":"product","link":"https:\/\/difrenos.com\/index.php\/producto\/rinonera-hebo-spyder\/","title":{"rendered":"Ri\u00f1onera Hebo Spyder"},"content":{"rendered":"<p>Referencia: HB8100<\/p>\n<ul>\n<li>Nueva ri\u00f1onera de la marca Hebo muy pr\u00e1ctica y con m\u00faltiples bolsillos de almacenaje.<\/li>\n<li>Una rejilla muy ventilada y agradable combinada con un cintur\u00f3n el\u00e1stico y ajustable, que lo hacen muy confortable a tu cuerpo, evitando movimientos.<\/li>\n<\/ul>\n","protected":false},"excerpt":{"rendered":"<p>Referencia: HB8100 Nueva ri\u00f1onera de la marca Hebo muy pr\u00e1ctica y con m\u00faltiples bolsillos de almacenaje. Una rejilla muy ventilada y agradable combinada con un cintur\u00f3n el\u00e1stico y ajustable, que lo hacen muy confortable a tu cuerpo, evitando movimientos.<\/p>\n","protected":false},"featured_media":17395,"template":"","meta":{"_et_pb_use_builder":"","_et_pb_old_content":"","_et_gb_content_width":""},"product_cat":[215,33,279],"product_tag":[445,105],"_links":{"self":[{"href":"https:\/\/difrenos.com\/index.php\/wp-json\/wp\/v2\/product\/17394"}],"collection":[{"href":"https:\/\/difrenos.com\/index.php\/wp-json\/wp\/v2\/product"}],"about":[{"href":"https:\/\/difrenos.com\/index.php\/wp-json\/wp\/v2\/types\/product"}],"wp:featuredmedia":[{"embeddable":true,"href":"https:\/\/difrenos.com\/index.php\/wp-json\/wp\/v2\/media\/17395"}],"wp:attachment":[{"href":"https:\/\/difrenos.com\/index.php\/wp-json\/wp\/v2\/media?parent=17394"}],"wp:term":[{"taxonomy":"product_cat","embeddable":true,"href":"https:\/\/difrenos.com\/index.php\/wp-json\/wp\/v2\/product_cat?post=17394"},{"taxonomy":"product_tag","embeddable":true,"href":"https:\/\/difrenos.com\/index.php\/wp-json\/wp\/v2\/product_tag?post=17394"}],"curies":[{"name":"wp","href":"https:\/\/api.w.org\/{rel}","templated":true}]}}