{"id":17390,"date":"2025-02-14T13:35:45","date_gmt":"2025-02-14T13:35:45","guid":{"rendered":"https:\/\/difrenos.com\/?post_type=product&#038;p=17390"},"modified":"2026-02-02T13:40:29","modified_gmt":"2026-02-02T13:40:29","slug":"pantalon-hebo-tech-2","status":"publish","type":"product","link":"https:\/\/difrenos.com\/index.php\/producto\/pantalon-hebo-tech-2\/","title":{"rendered":"Pantal\u00f3n Hebo Tech Rojo"},"content":{"rendered":"<p>Referencias:<br \/>\nHE3157SR Talla S<br \/>\nHE3157XLR Talla XL<\/p>\n<ul>\n<li>Cintura ajustable con velcro<\/li>\n<li>Rejilla resistente y biel\u00e1stica transpirable<\/li>\n<li>Estampado por sublimaci\u00f3n<\/li>\n<li>Tejido biel\u00e1stico<\/li>\n<\/ul>\n","protected":false},"excerpt":{"rendered":"<p>Referencias: HE3157SR Talla S HE3157XLR Talla XL Cintura ajustable con velcro Rejilla resistente y biel\u00e1stica transpirable Estampado por sublimaci\u00f3n Tejido biel\u00e1stico<\/p>\n","protected":false},"featured_media":17392,"template":"","meta":{"_et_pb_use_builder":"","_et_pb_old_content":"","_et_gb_content_width":""},"product_cat":[33,711,149,202],"product_tag":[105,192,193,302],"_links":{"self":[{"href":"https:\/\/difrenos.com\/index.php\/wp-json\/wp\/v2\/product\/17390"}],"collection":[{"href":"https:\/\/difrenos.com\/index.php\/wp-json\/wp\/v2\/product"}],"about":[{"href":"https:\/\/difrenos.com\/index.php\/wp-json\/wp\/v2\/types\/product"}],"wp:featuredmedia":[{"embeddable":true,"href":"https:\/\/difrenos.com\/index.php\/wp-json\/wp\/v2\/media\/17392"}],"wp:attachment":[{"href":"https:\/\/difrenos.com\/index.php\/wp-json\/wp\/v2\/media?parent=17390"}],"wp:term":[{"taxonomy":"product_cat","embeddable":true,"href":"https:\/\/difrenos.com\/index.php\/wp-json\/wp\/v2\/product_cat?post=17390"},{"taxonomy":"product_tag","embeddable":true,"href":"https:\/\/difrenos.com\/index.php\/wp-json\/wp\/v2\/product_tag?post=17390"}],"curies":[{"name":"wp","href":"https:\/\/api.w.org\/{rel}","templated":true}]}}