{"id":17279,"date":"2025-02-13T12:30:59","date_gmt":"2025-02-13T12:30:59","guid":{"rendered":"https:\/\/difrenos.com\/?post_type=product&#038;p=17279"},"modified":"2025-12-18T12:33:23","modified_gmt":"2025-12-18T12:33:23","slug":"guantes-hebo-baggy-3","status":"publish","type":"product","link":"https:\/\/difrenos.com\/index.php\/producto\/guantes-hebo-baggy-3\/","title":{"rendered":"Guantes Hebo Baggy"},"content":{"rendered":"<p>Referencias:<br \/>\nHE1129LR Talla L<br \/>\nHE1129XLR Talla XL<\/p>\n<p>Los guantes Baggy tienen la zona de la palma fabricada en Nanofront y los dedos van reforzados con TPR para que sea m\u00e1s sencillo mantener su posici\u00f3n. Por otra parte, los nudillos incluyen un refuerzo de neopreno para protegerlos mejor ante posibles rozaduras o abrasiones. Su tejido el\u00e1stico en 4 direcciones garantiza su adaptabilidad a la mano y la mu\u00f1eca evitando desplazamientos. Al facilitar la transpiraci\u00f3n se convierten en imprescindibles para cualquier \u00e9poca del a\u00f1o. La persona que conduzca no sentir\u00e1 que los lleva puestos dada su excelente calidad y adem\u00e1s, el logotipo en rubber printing le imprime personalidad.<\/p>\n","protected":false},"excerpt":{"rendered":"<p>Referencias: HE1129LR Talla L HE1129XLR Talla XL Los guantes Baggy tienen la zona de la palma fabricada en Nanofront y los dedos van reforzados con TPR para que sea m\u00e1s sencillo mantener su posici\u00f3n. Por otra parte, los nudillos incluyen un refuerzo de neopreno para protegerlos mejor ante posibles rozaduras o abrasiones. Su tejido el\u00e1stico [&hellip;]<\/p>\n","protected":false},"featured_media":17281,"template":"","meta":{"_et_pb_use_builder":"","_et_pb_old_content":"","_et_gb_content_width":""},"product_cat":[33,255,100,711],"product_tag":[296,105],"_links":{"self":[{"href":"https:\/\/difrenos.com\/index.php\/wp-json\/wp\/v2\/product\/17279"}],"collection":[{"href":"https:\/\/difrenos.com\/index.php\/wp-json\/wp\/v2\/product"}],"about":[{"href":"https:\/\/difrenos.com\/index.php\/wp-json\/wp\/v2\/types\/product"}],"wp:featuredmedia":[{"embeddable":true,"href":"https:\/\/difrenos.com\/index.php\/wp-json\/wp\/v2\/media\/17281"}],"wp:attachment":[{"href":"https:\/\/difrenos.com\/index.php\/wp-json\/wp\/v2\/media?parent=17279"}],"wp:term":[{"taxonomy":"product_cat","embeddable":true,"href":"https:\/\/difrenos.com\/index.php\/wp-json\/wp\/v2\/product_cat?post=17279"},{"taxonomy":"product_tag","embeddable":true,"href":"https:\/\/difrenos.com\/index.php\/wp-json\/wp\/v2\/product_tag?post=17279"}],"curies":[{"name":"wp","href":"https:\/\/api.w.org\/{rel}","templated":true}]}}