{"id":17275,"date":"2025-02-13T12:36:18","date_gmt":"2025-02-13T12:36:18","guid":{"rendered":"https:\/\/difrenos.com\/?post_type=product&#038;p=17275"},"modified":"2025-02-13T12:37:17","modified_gmt":"2025-02-13T12:37:17","slug":"protector-disco-freno-delantero-scorpa-sy-sr-plata-s10b-80601-00-00","status":"publish","type":"product","link":"https:\/\/difrenos.com\/index.php\/producto\/protector-disco-freno-delantero-scorpa-sy-sr-plata-s10b-80601-00-00\/","title":{"rendered":"PROTECTOR DISCO FRENO DELANTERO SCORPA SY SR PLATA (S10B-80601-00-00)"},"content":{"rendered":"<p><span>Protector de disco Scorpa original que se instal\u00f3 en los modelos SR que ten\u00edan horquillas Marzocchi entre 2011 y 2013<\/span><\/p>\n<p><span>Tambi\u00e9n se adapta a los primeros modelos Twenty y a algunos Sherco.<\/span><br \/>\n<span>Tambi\u00e9n se adapta a otros modelos SY con las mismas horquillas, 2008 y 2009.<\/span><\/p>\n<p><span>Tambi\u00e9n se puede utilizar como una alternativa m\u00e1s resistente al protector de disco actual, ya que este art\u00edculo tambi\u00e9n se puede montar en horquillas Tech.<\/span><\/p>\n","protected":false},"excerpt":{"rendered":"<p>Protector de disco Scorpa original que se instal\u00f3 en los modelos SR que ten\u00edan horquillas Marzocchi entre 2011 y 2013 Tambi\u00e9n se adapta a los primeros modelos Twenty y a algunos Sherco. Tambi\u00e9n se adapta a otros modelos SY con las mismas horquillas, 2008 y 2009. Tambi\u00e9n se puede utilizar como una alternativa m\u00e1s resistente [&hellip;]<\/p>\n","protected":false},"featured_media":17283,"template":"","meta":{"_et_pb_use_builder":"","_et_pb_old_content":"","_et_gb_content_width":""},"product_cat":[789,170],"product_tag":[],"_links":{"self":[{"href":"https:\/\/difrenos.com\/index.php\/wp-json\/wp\/v2\/product\/17275"}],"collection":[{"href":"https:\/\/difrenos.com\/index.php\/wp-json\/wp\/v2\/product"}],"about":[{"href":"https:\/\/difrenos.com\/index.php\/wp-json\/wp\/v2\/types\/product"}],"wp:featuredmedia":[{"embeddable":true,"href":"https:\/\/difrenos.com\/index.php\/wp-json\/wp\/v2\/media\/17283"}],"wp:attachment":[{"href":"https:\/\/difrenos.com\/index.php\/wp-json\/wp\/v2\/media?parent=17275"}],"wp:term":[{"taxonomy":"product_cat","embeddable":true,"href":"https:\/\/difrenos.com\/index.php\/wp-json\/wp\/v2\/product_cat?post=17275"},{"taxonomy":"product_tag","embeddable":true,"href":"https:\/\/difrenos.com\/index.php\/wp-json\/wp\/v2\/product_tag?post=17275"}],"curies":[{"name":"wp","href":"https:\/\/api.w.org\/{rel}","templated":true}]}}