{"id":17036,"date":"2025-02-05T08:22:33","date_gmt":"2025-02-05T08:22:33","guid":{"rendered":"https:\/\/difrenos.com\/?post_type=product&#038;p=17036"},"modified":"2025-10-23T11:58:32","modified_gmt":"2025-10-23T11:58:32","slug":"17036","status":"publish","type":"product","link":"https:\/\/difrenos.com\/index.php\/producto\/17036\/","title":{"rendered":"Limpiador Interior Casco Liqui Moly 300 ml"},"content":{"rendered":"<p style=\"font-weight: 400;\"><span style=\"font-weight: 400;\">MOTORBIKE HELM-INNENREINIGER limpia y protege profundamente tapices, forros y viseras de cascos sin atacar otras superficies. Elimina bacterias y el olor rancio de cascos impregnados con sudor y grasa. Forma una pel\u00edcula protectora. Brinda olor a frescura muy agradable.<\/span><\/p>\n<p style=\"font-weight: 400;\"><span style=\"font-weight: 400;\">Agitar bien antes de usar. A continuaci\u00f3n, rociar sobre la superficie a tratar, dejar que act\u00fae y secar frotando con un pa\u00f1o. En el caso de piezas de pl\u00e1stico, comprobar previamente en un lugar adecuado que no se produzcan cambios en el color. No utilizar el casco directamente tras la limpieza, ya que el limpiador se basa en una soluci\u00f3n alcoh\u00f3lica acuosa.<\/span><\/p>\n","protected":false},"excerpt":{"rendered":"<p>MOTORBIKE HELM-INNENREINIGER limpia y protege profundamente tapices, forros y viseras de cascos sin atacar otras superficies. Elimina bacterias y el olor rancio de cascos impregnados con sudor y grasa. Forma una pel\u00edcula protectora. Brinda olor a frescura muy agradable. Agitar bien antes de usar. A continuaci\u00f3n, rociar sobre la superficie a tratar, dejar que act\u00fae [&hellip;]<\/p>\n","protected":false},"featured_media":17037,"template":"","meta":{"_et_pb_use_builder":"","_et_pb_old_content":"","_et_gb_content_width":""},"product_cat":[215,33],"product_tag":[884],"_links":{"self":[{"href":"https:\/\/difrenos.com\/index.php\/wp-json\/wp\/v2\/product\/17036"}],"collection":[{"href":"https:\/\/difrenos.com\/index.php\/wp-json\/wp\/v2\/product"}],"about":[{"href":"https:\/\/difrenos.com\/index.php\/wp-json\/wp\/v2\/types\/product"}],"wp:featuredmedia":[{"embeddable":true,"href":"https:\/\/difrenos.com\/index.php\/wp-json\/wp\/v2\/media\/17037"}],"wp:attachment":[{"href":"https:\/\/difrenos.com\/index.php\/wp-json\/wp\/v2\/media?parent=17036"}],"wp:term":[{"taxonomy":"product_cat","embeddable":true,"href":"https:\/\/difrenos.com\/index.php\/wp-json\/wp\/v2\/product_cat?post=17036"},{"taxonomy":"product_tag","embeddable":true,"href":"https:\/\/difrenos.com\/index.php\/wp-json\/wp\/v2\/product_tag?post=17036"}],"curies":[{"name":"wp","href":"https:\/\/api.w.org\/{rel}","templated":true}]}}