{"id":17034,"date":"2025-02-05T08:10:57","date_gmt":"2025-02-05T08:10:57","guid":{"rendered":"https:\/\/difrenos.com\/?post_type=product&#038;p=17034"},"modified":"2025-02-05T08:10:57","modified_gmt":"2025-02-05T08:10:57","slug":"aditivo-combustible-liquimoly-4t-shooter-80ml","status":"publish","type":"product","link":"https:\/\/difrenos.com\/index.php\/producto\/aditivo-combustible-liquimoly-4t-shooter-80ml\/","title":{"rendered":"ADITIVO COMBUSTIBLE LIQUIMOLY 4T SHOOTER 80ML"},"content":{"rendered":"<div class=\"col-md-6 col-xl-5 float-md-start product media stick-below-header-md\">\n<div class=\"variantswitch-sku-7822\">\n<div id=\"gallery-preview-7822\" class=\"product-gallery-preview mt-4 mb-4_5 my-md-0 me-md-8 p-md-0 mage-tabs-disabled\">\n<div class=\"product-gallery-preview-thumbnails pt-3 d-flex flex-wrap\" role=\"tablist\"><\/div>\n<\/div>\n<\/div>\n<\/div>\n<div class=\"col-md-6 col-xl-7 d-md-inline-block product-info-main d-flex flex-column\">\n<div class=\"order-last order-md-0 mt-5 mt-md-0 mb-md-4\">\n<div class=\"d-inline-block fs-9 product attribute overview pb-3 mb-3 w-100\">\n<p>Optimiza el rendimiento del motor. Elimina los dep\u00f3sitos en el sistema de combustible, las v\u00e1lvulas, las buj\u00edas y la c\u00e1mara de combusti\u00f3n y evita que se vuelvan a formar. As\u00ed, reduce el consumo de combustible. Protege todo el sistema de combustible frente a la corrosi\u00f3n. Evita la congelaci\u00f3n del carburador. Sometido a prueba en catalizadores.<\/p>\n<\/div>\n<\/div>\n<\/div>\n","protected":false},"excerpt":{"rendered":"<p>Optimiza el rendimiento del motor. Elimina los dep\u00f3sitos en el sistema de combustible, las v\u00e1lvulas, las buj\u00edas y la c\u00e1mara de combusti\u00f3n y evita que se vuelvan a formar. As\u00ed, reduce el consumo de combustible. Protege todo el sistema de combustible frente a la corrosi\u00f3n. Evita la congelaci\u00f3n del carburador. Sometido a prueba en catalizadores.<\/p>\n","protected":false},"featured_media":17035,"template":"","meta":{"_et_pb_use_builder":"","_et_pb_old_content":"","_et_gb_content_width":""},"product_cat":[837,170],"product_tag":[],"_links":{"self":[{"href":"https:\/\/difrenos.com\/index.php\/wp-json\/wp\/v2\/product\/17034"}],"collection":[{"href":"https:\/\/difrenos.com\/index.php\/wp-json\/wp\/v2\/product"}],"about":[{"href":"https:\/\/difrenos.com\/index.php\/wp-json\/wp\/v2\/types\/product"}],"wp:featuredmedia":[{"embeddable":true,"href":"https:\/\/difrenos.com\/index.php\/wp-json\/wp\/v2\/media\/17035"}],"wp:attachment":[{"href":"https:\/\/difrenos.com\/index.php\/wp-json\/wp\/v2\/media?parent=17034"}],"wp:term":[{"taxonomy":"product_cat","embeddable":true,"href":"https:\/\/difrenos.com\/index.php\/wp-json\/wp\/v2\/product_cat?post=17034"},{"taxonomy":"product_tag","embeddable":true,"href":"https:\/\/difrenos.com\/index.php\/wp-json\/wp\/v2\/product_tag?post=17034"}],"curies":[{"name":"wp","href":"https:\/\/api.w.org\/{rel}","templated":true}]}}