{"id":17032,"date":"2025-02-05T08:05:17","date_gmt":"2025-02-05T08:05:17","guid":{"rendered":"https:\/\/difrenos.com\/?post_type=product&#038;p=17032"},"modified":"2025-02-05T08:06:50","modified_gmt":"2025-02-05T08:06:50","slug":"aditivo-liquimoly-aceite-motor-20ml","status":"publish","type":"product","link":"https:\/\/difrenos.com\/index.php\/producto\/aditivo-liquimoly-aceite-motor-20ml\/","title":{"rendered":"ADITIVO LIQUIMOLY ACEITE MOTOR 20ML"},"content":{"rendered":"<div class=\"d-inline-block fs-9 product attribute description\"><span class=\"value\">Reduce la fricci\u00f3n y el desgaste, reduciendo as\u00ed el consumo de aceite y de combustible. Hace que el motor marche de forma m\u00e1s estable y disminuye las aver\u00edas.<\/span><\/div>\n<p>&nbsp;<\/p>\n<div class=\"d-inline-block fs-9 product attribute mt-2\"><span class=\"value\">Para todos los motores de 2 tiempos con lubricaci\u00f3n por separado o por mezcla y para todos los motores de 4 tiempos con embrague multidisco en ba\u00f1o de aceite. Desarrollado especialmente para el uso en cambios y ejes de propulsi\u00f3n. Dosificaci\u00f3n: 20 ml (1 tubo) son suficientes para 1 litro de aceite de motor. En motores de 2 tiempos: 10 ml por cada 10 litros de mezcla de combustible o 20 ml para 1 l de aceite de 2 tiempos. Probado en catalizadores.<\/span><\/div>\n<p>&nbsp;<\/p>\n<div class=\"d-inline-block fs-9 product attribute application mt-2\">\n<h4 class=\"type \" data-hyphenated=\"\">Appli\u00adca\u00adtion<\/h4>\n<p><span class=\"value\">En los motores de 4 tiempos, utilizar cada vez que se cambie el aceite y en los motores de 2 tiempos, a\u00f1adir cuando se llena el dep\u00f3sito de aceite o de combustible. \u00a1Agitar bien antes de usar!<strong>\u00a0Dosificaci\u00f3n:<\/strong>\u00a0En motores de 4 tiempos o en cambios: 20 ml (1 tubo) son suficientes para 1 litro de aceite de motor. En motores de 2 tiempos (lubricaci\u00f3n por mezcla): 10 ml por cada 10 litros de mezcla de combustible o, en la lubricaci\u00f3n separada, 20 ml para 1 litro de aceite de 2 tiempos.<\/span><\/p>\n<\/div>\n","protected":false},"excerpt":{"rendered":"<p>Reduce la fricci\u00f3n y el desgaste, reduciendo as\u00ed el consumo de aceite y de combustible. Hace que el motor marche de forma m\u00e1s estable y disminuye las aver\u00edas. &nbsp; Para todos los motores de 2 tiempos con lubricaci\u00f3n por separado o por mezcla y para todos los motores de 4 tiempos con embrague multidisco en [&hellip;]<\/p>\n","protected":false},"featured_media":17033,"template":"","meta":{"_et_pb_use_builder":"","_et_pb_old_content":"","_et_gb_content_width":""},"product_cat":[837,170],"product_tag":[],"_links":{"self":[{"href":"https:\/\/difrenos.com\/index.php\/wp-json\/wp\/v2\/product\/17032"}],"collection":[{"href":"https:\/\/difrenos.com\/index.php\/wp-json\/wp\/v2\/product"}],"about":[{"href":"https:\/\/difrenos.com\/index.php\/wp-json\/wp\/v2\/types\/product"}],"wp:featuredmedia":[{"embeddable":true,"href":"https:\/\/difrenos.com\/index.php\/wp-json\/wp\/v2\/media\/17033"}],"wp:attachment":[{"href":"https:\/\/difrenos.com\/index.php\/wp-json\/wp\/v2\/media?parent=17032"}],"wp:term":[{"taxonomy":"product_cat","embeddable":true,"href":"https:\/\/difrenos.com\/index.php\/wp-json\/wp\/v2\/product_cat?post=17032"},{"taxonomy":"product_tag","embeddable":true,"href":"https:\/\/difrenos.com\/index.php\/wp-json\/wp\/v2\/product_tag?post=17032"}],"curies":[{"name":"wp","href":"https:\/\/api.w.org\/{rel}","templated":true}]}}