{"id":17014,"date":"2025-02-04T11:59:09","date_gmt":"2025-02-04T11:59:09","guid":{"rendered":"https:\/\/difrenos.com\/?post_type=product&#038;p=17014"},"modified":"2025-02-04T11:59:09","modified_gmt":"2025-02-04T11:59:09","slug":"silicona-juntas-ceroil-200-ml","status":"publish","type":"product","link":"https:\/\/difrenos.com\/index.php\/producto\/silicona-juntas-ceroil-200-ml\/","title":{"rendered":"SILICONA JUNTAS CEROIL 200 ML"},"content":{"rendered":"<p>UTILIDAD<br \/>\nPara su uso en cig\u00fce\u00f1ales, c\u00e1rteres, cajas de<br \/>\ncambio, termostatos, tuber\u00edas de conducci\u00f3n de<br \/>\naceite, sellados de cajas de conexi\u00f3n, bombas de<br \/>\nagua, juntas estancas de aparatos el\u00e9ctricos, etc.<br \/>\nVENTAJAS<br \/>\n\u2022 Resistente a los aceites, anticongelantes,<br \/>\nhidrocarburos y humedad.<br \/>\n\u2022 Resistente al ciclo t\u00e9rmico, vibraci\u00f3n e<br \/>\nimpactos, produciendo una junta eficaz.<br \/>\n\u2022 Alta estabilidad mec\u00e1nica a las vibraciones.<br \/>\n\u2022 Alta capacidad de adherencia y flexibilidad.<br \/>\n\u2022 Posibilidad de rellenar grandes cavidades.<br \/>\n\u2022 No ataca juntas, gomas ni los metales como<br \/>\naluminio y acero.<br \/>\n\u2022 Alta resistencia t\u00e9rmica de -60\u00baC hasta 260\u00baC<br \/>\nAPLICACI\u00d3N<br \/>\n\u2022 Limpiar bien las superficies en contacto y<br \/>\naplicar la silicona por una sola de las caras a unir.<br \/>\n\u2022 Esperar 2-3 min. Antes de unir las dos partes.<br \/>\n\u2022 El secado total se consigue en 10-12 horas<\/p>\n","protected":false},"excerpt":{"rendered":"<p>UTILIDAD Para su uso en cig\u00fce\u00f1ales, c\u00e1rteres, cajas de cambio, termostatos, tuber\u00edas de conducci\u00f3n de aceite, sellados de cajas de conexi\u00f3n, bombas de agua, juntas estancas de aparatos el\u00e9ctricos, etc. VENTAJAS \u2022 Resistente a los aceites, anticongelantes, hidrocarburos y humedad. \u2022 Resistente al ciclo t\u00e9rmico, vibraci\u00f3n e impactos, produciendo una junta eficaz. \u2022 Alta estabilidad [&hellip;]<\/p>\n","protected":false},"featured_media":17015,"template":"","meta":{"_et_pb_use_builder":"","_et_pb_old_content":"","_et_gb_content_width":""},"product_cat":[795,170],"product_tag":[],"_links":{"self":[{"href":"https:\/\/difrenos.com\/index.php\/wp-json\/wp\/v2\/product\/17014"}],"collection":[{"href":"https:\/\/difrenos.com\/index.php\/wp-json\/wp\/v2\/product"}],"about":[{"href":"https:\/\/difrenos.com\/index.php\/wp-json\/wp\/v2\/types\/product"}],"wp:featuredmedia":[{"embeddable":true,"href":"https:\/\/difrenos.com\/index.php\/wp-json\/wp\/v2\/media\/17015"}],"wp:attachment":[{"href":"https:\/\/difrenos.com\/index.php\/wp-json\/wp\/v2\/media?parent=17014"}],"wp:term":[{"taxonomy":"product_cat","embeddable":true,"href":"https:\/\/difrenos.com\/index.php\/wp-json\/wp\/v2\/product_cat?post=17014"},{"taxonomy":"product_tag","embeddable":true,"href":"https:\/\/difrenos.com\/index.php\/wp-json\/wp\/v2\/product_tag?post=17014"}],"curies":[{"name":"wp","href":"https:\/\/api.w.org\/{rel}","templated":true}]}}