{"id":17009,"date":"2025-02-04T11:41:41","date_gmt":"2025-02-04T11:41:41","guid":{"rendered":"https:\/\/difrenos.com\/?post_type=product&#038;p=17009"},"modified":"2025-02-04T11:44:08","modified_gmt":"2025-02-04T11:44:08","slug":"aditivo-limpiador-motor-motul-300ml","status":"publish","type":"product","link":"https:\/\/difrenos.com\/index.php\/producto\/aditivo-limpiador-motor-motul-300ml\/","title":{"rendered":"ADITIVO LIMPIADOR MOTOR MOTUL 300ML"},"content":{"rendered":"<div id=\"descripcion-producto-vehiculo\" class=\"col-xs-12 sin-padding-lateral\">\n<p>Consigue un motor m\u00e1s limpio antes del pr\u00f3ximo cambio de aceite. Engine clean auto es un aditivo para a\u00f1adir al aceite de motor antes del cambio de aceite. Sirve tanto para motores de gasolina y di\u00e9sel<\/p>\n<p>MOTUL ENGINE CLEAN est\u00e1 dise\u00f1ado para utilizarse en todo tipo de motores di\u00e9sel y de gasolina, con aspiraci\u00f3n natural o turbocompresor, con o sin convertidor catal\u00edtico y con cualquier tipo de combustible.<\/p>\n<p>MOTUL ENGINE CLEAN limpia de forma eficaz las acumulaciones y las obstrucciones que se forman en el motor. Las micropart\u00edculas eliminadas se expulsan despu\u00e9s en el momento de cambiar el aceite. MOTUL ENGINE CLEAN garantiza una lubricaci\u00f3n perfecta durante el proceso de limpieza.<\/p>\n<p>Sus beneficios son excelentes para el buen funcionamiento del motor y su rendimiento:<\/p>\n<p>\u0095 Reduce el desgaste<br \/>\n\u0095 Reduce el consumo de aceite y combustible<br \/>\n\u0095 Aumenta las compresiones en todos los cilindros en la misma proporci\u00f3n<br \/>\n\u0095 Reduce las emisiones contaminantes en el escape<br \/>\n\u0095 Expulsa acumulaciones, pel\u00edculas y otros residuos de la combusti\u00f3n de zonas delicadas, como empujadores hidr\u00e1ulicos o ranuras y anillos de pistones<br \/>\n\u0095 Aprovecha al m\u00e1ximo las ventajas del aceite nuevo utilizado en el motor despu\u00e9s del drenaje<br \/>\n\u0095 Prolonga la vida \u00fatil del convertidor catal\u00edtico y el DPF<\/p>\n<\/div>\n<div class=\"row\"><\/div>\n","protected":false},"excerpt":{"rendered":"<p>Consigue un motor m\u00e1s limpio antes del pr\u00f3ximo cambio de aceite. Engine clean auto es un aditivo para a\u00f1adir al aceite de motor antes del cambio de aceite. Sirve tanto para motores de gasolina y di\u00e9sel MOTUL ENGINE CLEAN est\u00e1 dise\u00f1ado para utilizarse en todo tipo de motores di\u00e9sel y de gasolina, con aspiraci\u00f3n natural [&hellip;]<\/p>\n","protected":false},"featured_media":17011,"template":"","meta":{"_et_pb_use_builder":"","_et_pb_old_content":"","_et_gb_content_width":""},"product_cat":[837,170],"product_tag":[],"_links":{"self":[{"href":"https:\/\/difrenos.com\/index.php\/wp-json\/wp\/v2\/product\/17009"}],"collection":[{"href":"https:\/\/difrenos.com\/index.php\/wp-json\/wp\/v2\/product"}],"about":[{"href":"https:\/\/difrenos.com\/index.php\/wp-json\/wp\/v2\/types\/product"}],"wp:featuredmedia":[{"embeddable":true,"href":"https:\/\/difrenos.com\/index.php\/wp-json\/wp\/v2\/media\/17011"}],"wp:attachment":[{"href":"https:\/\/difrenos.com\/index.php\/wp-json\/wp\/v2\/media?parent=17009"}],"wp:term":[{"taxonomy":"product_cat","embeddable":true,"href":"https:\/\/difrenos.com\/index.php\/wp-json\/wp\/v2\/product_cat?post=17009"},{"taxonomy":"product_tag","embeddable":true,"href":"https:\/\/difrenos.com\/index.php\/wp-json\/wp\/v2\/product_tag?post=17009"}],"curies":[{"name":"wp","href":"https:\/\/api.w.org\/{rel}","templated":true}]}}