{"id":17003,"date":"2025-02-04T09:41:23","date_gmt":"2025-02-04T09:41:23","guid":{"rendered":"https:\/\/difrenos.com\/?post_type=product&#038;p=17003"},"modified":"2026-03-12T10:17:08","modified_gmt":"2026-03-12T10:17:08","slug":"anticongelante-ceroil-extrem-1-litro","status":"publish","type":"product","link":"https:\/\/difrenos.com\/index.php\/producto\/anticongelante-ceroil-extrem-1-litro\/","title":{"rendered":"ANTICONGELANTE CEROIL EXTREM 1 LITRO"},"content":{"rendered":"<p>Anticongelante XTREM de CEROIL es un refrigerante-anticongelante concentrado sin agua. Evita el sobrecalentamiento y ebullici\u00f3n en el sistema de refrigeraci\u00f3n. Protege desde -50\u00bac hasta 185\u00baC. Es un producto para uso indicado en competici\u00f3n, para motos que permitan su uso en el reglamento (Off-Road, Trial, Cross, Enduro, etc. . . ). No obstante, tambi\u00e9n puede utilizarse en motos de uso amateur. Muy recomendado para sistemas de refrigeraci\u00f3n incompatibles con el agua. Ventajas: Impide la erosi\u00f3n y la ebullici\u00f3nDuraci\u00f3n muy larga. Baja volatilidad y gran estabilidadNo hace espuma ni deja residuos. Evita el sobrecalentamiento. Reduce la presi\u00f3n del sistema de refrigeraci\u00f3nEvita la corrosi\u00f3n provocada por el aguaM\u00e1s refrigerante y transmisor del calor que los anticongelantes convencionalesProtecci\u00f3n antioxidante del circuito. Aplicaci\u00f3n: 1. Agitar. 2. Vaciar el sistema de refrigeraci\u00f3n por completo. 3. Aplicar. Caracter\u00edsticas: Aspecto: L\u00edquido \/ Color: Incoloro \/ Olor: Alcoh\u00f3lico \/ Densidad (200\u00baC): 1,10 gr. cc \/ Punto de ebullici\u00f3n: 185\u00baC \/ Punto de congelaci\u00f3n: -50\u00baC<\/p>\n","protected":false},"excerpt":{"rendered":"<p>Anticongelante XTREM de CEROIL es un refrigerante-anticongelante concentrado sin agua. Evita el sobrecalentamiento y ebullici\u00f3n en el sistema de refrigeraci\u00f3n. Protege desde -50\u00bac hasta 185\u00baC. Es un producto para uso indicado en competici\u00f3n, para motos que permitan su uso en el reglamento (Off-Road, Trial, Cross, Enduro, etc. . . ). No obstante, tambi\u00e9n puede utilizarse [&hellip;]<\/p>\n","protected":false},"featured_media":17004,"template":"","meta":{"_et_pb_use_builder":"","_et_pb_old_content":"","_et_gb_content_width":""},"product_cat":[170,791],"product_tag":[],"_links":{"self":[{"href":"https:\/\/difrenos.com\/index.php\/wp-json\/wp\/v2\/product\/17003"}],"collection":[{"href":"https:\/\/difrenos.com\/index.php\/wp-json\/wp\/v2\/product"}],"about":[{"href":"https:\/\/difrenos.com\/index.php\/wp-json\/wp\/v2\/types\/product"}],"wp:featuredmedia":[{"embeddable":true,"href":"https:\/\/difrenos.com\/index.php\/wp-json\/wp\/v2\/media\/17004"}],"wp:attachment":[{"href":"https:\/\/difrenos.com\/index.php\/wp-json\/wp\/v2\/media?parent=17003"}],"wp:term":[{"taxonomy":"product_cat","embeddable":true,"href":"https:\/\/difrenos.com\/index.php\/wp-json\/wp\/v2\/product_cat?post=17003"},{"taxonomy":"product_tag","embeddable":true,"href":"https:\/\/difrenos.com\/index.php\/wp-json\/wp\/v2\/product_tag?post=17003"}],"curies":[{"name":"wp","href":"https:\/\/api.w.org\/{rel}","templated":true}]}}