{"id":16995,"date":"2025-02-04T08:37:21","date_gmt":"2025-02-04T08:37:21","guid":{"rendered":"https:\/\/difrenos.com\/?post_type=product&#038;p=16995"},"modified":"2026-01-26T13:13:52","modified_gmt":"2026-01-26T13:13:52","slug":"bote-spray-grasa-de-cadena-sunoco-400-ml","status":"publish","type":"product","link":"https:\/\/difrenos.com\/index.php\/producto\/bote-spray-grasa-de-cadena-sunoco-400-ml\/","title":{"rendered":"BOTE SPRAY GRASA DE CADENA SUNOCO 400 ML"},"content":{"rendered":"<p><strong><b>Bote spray GRASA de cadena SUNOCO 400ml,\u00a0Lubricante con TEFL\u00d3N para cadenas con excelentes propiedades de adherencia, lubricaci\u00f3n y penetraci\u00f3n a\u00fan en las m\u00e1s extremas condiciones de uso.<\/b><\/strong><\/p>\n","protected":false},"excerpt":{"rendered":"<p>Bote spray GRASA de cadena SUNOCO 400ml,\u00a0Lubricante con TEFL\u00d3N para cadenas con excelentes propiedades de adherencia, lubricaci\u00f3n y penetraci\u00f3n a\u00fan en las m\u00e1s extremas condiciones de uso.<\/p>\n","protected":false},"featured_media":16996,"template":"","meta":{"_et_pb_use_builder":"","_et_pb_old_content":"","_et_gb_content_width":""},"product_cat":[825,170],"product_tag":[],"_links":{"self":[{"href":"https:\/\/difrenos.com\/index.php\/wp-json\/wp\/v2\/product\/16995"}],"collection":[{"href":"https:\/\/difrenos.com\/index.php\/wp-json\/wp\/v2\/product"}],"about":[{"href":"https:\/\/difrenos.com\/index.php\/wp-json\/wp\/v2\/types\/product"}],"wp:featuredmedia":[{"embeddable":true,"href":"https:\/\/difrenos.com\/index.php\/wp-json\/wp\/v2\/media\/16996"}],"wp:attachment":[{"href":"https:\/\/difrenos.com\/index.php\/wp-json\/wp\/v2\/media?parent=16995"}],"wp:term":[{"taxonomy":"product_cat","embeddable":true,"href":"https:\/\/difrenos.com\/index.php\/wp-json\/wp\/v2\/product_cat?post=16995"},{"taxonomy":"product_tag","embeddable":true,"href":"https:\/\/difrenos.com\/index.php\/wp-json\/wp\/v2\/product_tag?post=16995"}],"curies":[{"name":"wp","href":"https:\/\/api.w.org\/{rel}","templated":true}]}}