{"id":16947,"date":"2025-02-03T12:34:19","date_gmt":"2025-02-03T12:34:19","guid":{"rendered":"https:\/\/difrenos.com\/?post_type=product&#038;p=16947"},"modified":"2025-02-03T12:34:19","modified_gmt":"2025-02-03T12:34:19","slug":"juego-tirantes-hebo","status":"publish","type":"product","link":"https:\/\/difrenos.com\/index.php\/producto\/juego-tirantes-hebo\/","title":{"rendered":"Juego tirantes Hebo"},"content":{"rendered":"<div id=\"gallery\" class=\"w-full md:w-1\/2 md:pr-14 md:h-auto lg:w-7\/12 \" style=\"--tw-border-spacing-x: 0; --tw-border-spacing-y: 0; --tw-translate-x: 0; --tw-translate-y: 0; --tw-rotate: 0; --tw-skew-x: 0; --tw-skew-y: 0; --tw-scale-x: 1; --tw-scale-y: 1; --tw-scroll-snap-strictness: proximity; --tw-ring-offset-width: 0px; --tw-ring-offset-color: #fff; --tw-ring-color: rgba(59,130,246,.5); --tw-ring-offset-shadow: 0 0 #0000; --tw-ring-shadow: 0 0 #0000; --tw-shadow: 0 0 #0000; --tw-shadow-colored: 0 0 #0000; border: 0px solid; box-sizing: border-box; width: 746.662px; height: auto; padding-right: 3.5rem; color: #000000; font-family: Roboto, sans-serif; font-size: 16px; font-style: normal; font-variant-ligatures: normal; font-variant-caps: normal; font-weight: 400; letter-spacing: normal; orphans: 2; text-align: start; text-indent: 0px; text-transform: none; widows: 2; word-spacing: 0px; -webkit-text-stroke-width: 0px; white-space: normal; background-color: #ffffff; text-decoration-thickness: initial; text-decoration-style: initial; text-decoration-color: initial;\">\n<div class=\"main-img relative self-center w-full\">\n<div class=\"relative mb-6 group overflow-hidden\" aria-live=\"polite\" aria-atomic=\"true\">\n<div class=\"slide\"><\/div>\n<\/div>\n<\/div>\n<\/div>\n<div class=\"product-info w-full mb-6 md:w-1\/2 lg:w-5\/12\">\n<div class=\"info__title flex flex-col-reverse md:flex-row justify-between\">\n<div class=\" title-container\">\n<div class=\"flex text-xs text-grey order-2 text-sm\"><span class=\"type mr-1\">Ref: <\/span>HE6501<\/div>\n<\/div>\n<div class=\"my-2 cursor-pointer\"><\/div>\n<\/div>\n<div class=\"mb-4 mt-2 text-sm text-black leading-relaxed product-description relative\">\n<div class=\"more-less-container relative block\" style=\"--tw-border-spacing-x: 0; --tw-border-spacing-y: 0; --tw-translate-x: 0; --tw-translate-y: 0; --tw-rotate: 0; --tw-skew-x: 0; --tw-skew-y: 0; --tw-scale-x: 1; --tw-scale-y: 1; --tw-scroll-snap-strictness: proximity; --tw-ring-offset-width: 0px; --tw-ring-offset-color: #fff; --tw-ring-color: rgba(59,130,246,.5); --tw-ring-offset-shadow: 0 0 #0000; --tw-ring-shadow: 0 0 #0000; --tw-shadow: 0 0 #0000; --tw-shadow-colored: 0 0 #0000; border: 0px solid; box-sizing: border-box; position: relative; display: block;\">\n<div class=\"more-less-text overflow-hidden transition-all text-base\">Tirante el\u00e1stico para pantal\u00f3n. Complemento ideal para uso tanto con pantal\u00f3n de moto offroad, quad, como con pantal\u00f3n de cordura en carretera . Cierres met\u00e1licos de gran agarre a la ropa. 90% Poliester 10% elast\u00f3mero. Talla \u00fanica.<\/div>\n<\/div>\n<\/div>\n<\/div>\n","protected":false},"excerpt":{"rendered":"<p>Ref: HE6501 Tirante el\u00e1stico para pantal\u00f3n. Complemento ideal para uso tanto con pantal\u00f3n de moto offroad, quad, como con pantal\u00f3n de cordura en carretera . Cierres met\u00e1licos de gran agarre a la ropa. 90% Poliester 10% elast\u00f3mero. Talla \u00fanica.<\/p>\n","protected":false},"featured_media":16950,"template":"","meta":{"_et_pb_use_builder":"","_et_pb_old_content":"","_et_gb_content_width":""},"product_cat":[33,711],"product_tag":[],"_links":{"self":[{"href":"https:\/\/difrenos.com\/index.php\/wp-json\/wp\/v2\/product\/16947"}],"collection":[{"href":"https:\/\/difrenos.com\/index.php\/wp-json\/wp\/v2\/product"}],"about":[{"href":"https:\/\/difrenos.com\/index.php\/wp-json\/wp\/v2\/types\/product"}],"wp:featuredmedia":[{"embeddable":true,"href":"https:\/\/difrenos.com\/index.php\/wp-json\/wp\/v2\/media\/16950"}],"wp:attachment":[{"href":"https:\/\/difrenos.com\/index.php\/wp-json\/wp\/v2\/media?parent=16947"}],"wp:term":[{"taxonomy":"product_cat","embeddable":true,"href":"https:\/\/difrenos.com\/index.php\/wp-json\/wp\/v2\/product_cat?post=16947"},{"taxonomy":"product_tag","embeddable":true,"href":"https:\/\/difrenos.com\/index.php\/wp-json\/wp\/v2\/product_tag?post=16947"}],"curies":[{"name":"wp","href":"https:\/\/api.w.org\/{rel}","templated":true}]}}