{"id":16867,"date":"2025-01-30T14:49:26","date_gmt":"2025-01-30T14:49:26","guid":{"rendered":"https:\/\/difrenos.com\/?post_type=product&#038;p=16867"},"modified":"2025-09-22T10:17:49","modified_gmt":"2025-09-22T10:17:49","slug":"bufanda-husqvarna","status":"publish","type":"product","link":"https:\/\/difrenos.com\/index.php\/producto\/bufanda-husqvarna\/","title":{"rendered":"Bufanda Husqvarna"},"content":{"rendered":"<p>Referencia: 3HS200016600<\/p>\n<ul>\n<li>Estilo de vida 24h<\/li>\n<li>Sensaci\u00f3n t\u00e1ctil natural<\/li>\n<li>50 % Acr\u00edlico \/ 50 % Lana<\/li>\n<\/ul>\n","protected":false},"excerpt":{"rendered":"<p>Referencia: 3HS200016600 Estilo de vida 24h Sensaci\u00f3n t\u00e1ctil natural 50 % Acr\u00edlico \/ 50 % Lana<\/p>\n","protected":false},"featured_media":16868,"template":"","meta":{"_et_pb_use_builder":"","_et_pb_old_content":"","_et_gb_content_width":""},"product_cat":[706,215,33,701,290],"product_tag":[48,108],"_links":{"self":[{"href":"https:\/\/difrenos.com\/index.php\/wp-json\/wp\/v2\/product\/16867"}],"collection":[{"href":"https:\/\/difrenos.com\/index.php\/wp-json\/wp\/v2\/product"}],"about":[{"href":"https:\/\/difrenos.com\/index.php\/wp-json\/wp\/v2\/types\/product"}],"wp:featuredmedia":[{"embeddable":true,"href":"https:\/\/difrenos.com\/index.php\/wp-json\/wp\/v2\/media\/16868"}],"wp:attachment":[{"href":"https:\/\/difrenos.com\/index.php\/wp-json\/wp\/v2\/media?parent=16867"}],"wp:term":[{"taxonomy":"product_cat","embeddable":true,"href":"https:\/\/difrenos.com\/index.php\/wp-json\/wp\/v2\/product_cat?post=16867"},{"taxonomy":"product_tag","embeddable":true,"href":"https:\/\/difrenos.com\/index.php\/wp-json\/wp\/v2\/product_tag?post=16867"}],"curies":[{"name":"wp","href":"https:\/\/api.w.org\/{rel}","templated":true}]}}