{"id":16860,"date":"2025-01-30T14:03:24","date_gmt":"2025-01-30T14:03:24","guid":{"rendered":"https:\/\/difrenos.com\/?post_type=product&#038;p=16860"},"modified":"2026-02-02T11:30:27","modified_gmt":"2026-02-02T11:30:27","slug":"camiseta-hebo-stratos","status":"publish","type":"product","link":"https:\/\/difrenos.com\/index.php\/producto\/camiseta-hebo-stratos\/","title":{"rendered":"Camiseta Hebo Stratos"},"content":{"rendered":"<p>Referencia: HE2537LT Talla L<\/p>\n<p><strong>Camiseta Hebo S<\/strong><strong>tratos Naranja<\/strong>. Confeccionada en tejido de poliester, transpirable y de secado r\u00e1pido. Incorpora pu\u00f1os el\u00e1sticos y cuello fabricados en lycra para mayor confort. Dispone de logotipos estampados por sublimaci\u00f3n resistentes al lavado. La camiseta Stratos destaca por ser muy vers\u00e1til y extremadamente duradera.<\/p>\n","protected":false},"excerpt":{"rendered":"<p>Talla L.<\/p>\n","protected":false},"featured_media":16862,"template":"","meta":{"_et_pb_use_builder":"","_et_pb_old_content":"","_et_gb_content_width":""},"product_cat":[33,37,70],"product_tag":[296,105,190],"_links":{"self":[{"href":"https:\/\/difrenos.com\/index.php\/wp-json\/wp\/v2\/product\/16860"}],"collection":[{"href":"https:\/\/difrenos.com\/index.php\/wp-json\/wp\/v2\/product"}],"about":[{"href":"https:\/\/difrenos.com\/index.php\/wp-json\/wp\/v2\/types\/product"}],"wp:featuredmedia":[{"embeddable":true,"href":"https:\/\/difrenos.com\/index.php\/wp-json\/wp\/v2\/media\/16862"}],"wp:attachment":[{"href":"https:\/\/difrenos.com\/index.php\/wp-json\/wp\/v2\/media?parent=16860"}],"wp:term":[{"taxonomy":"product_cat","embeddable":true,"href":"https:\/\/difrenos.com\/index.php\/wp-json\/wp\/v2\/product_cat?post=16860"},{"taxonomy":"product_tag","embeddable":true,"href":"https:\/\/difrenos.com\/index.php\/wp-json\/wp\/v2\/product_tag?post=16860"}],"curies":[{"name":"wp","href":"https:\/\/api.w.org\/{rel}","templated":true}]}}