{"id":16651,"date":"2025-01-24T14:10:08","date_gmt":"2025-01-24T14:10:08","guid":{"rendered":"https:\/\/difrenos.com\/?post_type=product&#038;p=16651"},"modified":"2026-01-27T12:25:12","modified_gmt":"2026-01-27T12:25:12","slug":"camiseta-gas-gas-offroad-2023","status":"publish","type":"product","link":"https:\/\/difrenos.com\/index.php\/producto\/camiseta-gas-gas-offroad-2023\/","title":{"rendered":"Camiseta Gas Gas Offroad"},"content":{"rendered":"<p>Referencias:<br \/>\n3GG230012404 Talla L<br \/>\n3GG230012405 Talla XL<\/p>\n<ul>\n<li>Camiseta offroad robusta<\/li>\n<li>Estampados por sublimaci\u00f3n resistentes a rayos UV y al deste\u00f1ido<\/li>\n<li>Tejido de PE bien ventilado<\/li>\n<li>Mangas de corte ragl\u00e1n<\/li>\n<li>100 % Poli\u00e9ster<\/li>\n<\/ul>\n","protected":false},"excerpt":{"rendered":"<p>Referencias: 3GG230012404 Talla L 3GG230012405 Talla XL Camiseta offroad robusta Estampados por sublimaci\u00f3n resistentes a rayos UV y al deste\u00f1ido Tejido de PE bien ventilado Mangas de corte ragl\u00e1n 100 % Poli\u00e9ster<\/p>\n","protected":false},"featured_media":16653,"template":"","meta":{"_et_pb_use_builder":"","_et_pb_old_content":"","_et_gb_content_width":""},"product_cat":[33,757,37,70,707],"product_tag":[85,142],"_links":{"self":[{"href":"https:\/\/difrenos.com\/index.php\/wp-json\/wp\/v2\/product\/16651"}],"collection":[{"href":"https:\/\/difrenos.com\/index.php\/wp-json\/wp\/v2\/product"}],"about":[{"href":"https:\/\/difrenos.com\/index.php\/wp-json\/wp\/v2\/types\/product"}],"wp:featuredmedia":[{"embeddable":true,"href":"https:\/\/difrenos.com\/index.php\/wp-json\/wp\/v2\/media\/16653"}],"wp:attachment":[{"href":"https:\/\/difrenos.com\/index.php\/wp-json\/wp\/v2\/media?parent=16651"}],"wp:term":[{"taxonomy":"product_cat","embeddable":true,"href":"https:\/\/difrenos.com\/index.php\/wp-json\/wp\/v2\/product_cat?post=16651"},{"taxonomy":"product_tag","embeddable":true,"href":"https:\/\/difrenos.com\/index.php\/wp-json\/wp\/v2\/product_tag?post=16651"}],"curies":[{"name":"wp","href":"https:\/\/api.w.org\/{rel}","templated":true}]}}