{"id":16643,"date":"2025-01-24T13:13:12","date_gmt":"2025-01-24T13:13:12","guid":{"rendered":"https:\/\/difrenos.com\/?post_type=product&#038;p=16643"},"modified":"2026-01-27T11:08:47","modified_gmt":"2026-01-27T11:08:47","slug":"camiseta-gas-gas-gp-pro","status":"publish","type":"product","link":"https:\/\/difrenos.com\/index.php\/producto\/camiseta-gas-gas-gp-pro\/","title":{"rendered":"Camiseta Gas Gas GP Pro"},"content":{"rendered":"<p>Referencia: 3GG230054505 Talla XL<\/p>\n<ul>\n<li>Camiseta MX Performance ligera<\/li>\n<li>Tejido de PE bien ventilado<\/li>\n<li>Inserciones de malla<\/li>\n<li>Ajuste \u00f3ptimo en posici\u00f3n de pilotaje (delante corta, detr\u00e1s larga)<\/li>\n<li>Dise\u00f1o exclusivo de TLD para GASGAS<\/li>\n<li>100 % Poli\u00e9ster<\/li>\n<\/ul>\n","protected":false},"excerpt":{"rendered":"<p>Talla XL<\/p>\n","protected":false},"featured_media":16646,"template":"","meta":{"_et_pb_use_builder":"","_et_pb_old_content":"","_et_gb_content_width":""},"product_cat":[33,757,37,70,707],"product_tag":[296,82],"_links":{"self":[{"href":"https:\/\/difrenos.com\/index.php\/wp-json\/wp\/v2\/product\/16643"}],"collection":[{"href":"https:\/\/difrenos.com\/index.php\/wp-json\/wp\/v2\/product"}],"about":[{"href":"https:\/\/difrenos.com\/index.php\/wp-json\/wp\/v2\/types\/product"}],"wp:featuredmedia":[{"embeddable":true,"href":"https:\/\/difrenos.com\/index.php\/wp-json\/wp\/v2\/media\/16646"}],"wp:attachment":[{"href":"https:\/\/difrenos.com\/index.php\/wp-json\/wp\/v2\/media?parent=16643"}],"wp:term":[{"taxonomy":"product_cat","embeddable":true,"href":"https:\/\/difrenos.com\/index.php\/wp-json\/wp\/v2\/product_cat?post=16643"},{"taxonomy":"product_tag","embeddable":true,"href":"https:\/\/difrenos.com\/index.php\/wp-json\/wp\/v2\/product_tag?post=16643"}],"curies":[{"name":"wp","href":"https:\/\/api.w.org\/{rel}","templated":true}]}}