{"id":16615,"date":"2025-01-24T12:58:30","date_gmt":"2025-01-24T12:58:30","guid":{"rendered":"https:\/\/difrenos.com\/?post_type=product&#038;p=16615"},"modified":"2026-03-09T20:41:10","modified_gmt":"2026-03-09T20:41:10","slug":"botas-gaerne-voyager-denim","status":"publish","type":"product","link":"https:\/\/difrenos.com\/index.php\/producto\/botas-gaerne-voyager-denim\/","title":{"rendered":"Botas Zapatos moto Gaerne Voyager Denim"},"content":{"rendered":"<p>Referencias:<br \/>\n295800342 Talla 42<br \/>\n295800343 Talla 43<br \/>\n295800345 Talla 45<\/p>\n<ul>\n<li>Material de alta calidad<\/li>\n<li>Ventilaci\u00f3n \u00f3ptima a trav\u00e9s de la piel perforada<\/li>\n<li>Doble costura Olli-\u00e1rea<\/li>\n<li>Refuerzo de Gel Protector de tobillo en la zona del tal\u00f3n<\/li>\n<li>Cierre de cremallera resistente al agua<\/li>\n<li>Forro transpirable<\/li>\n<li>Plantilla intercambiable, forma anat\u00f3mica<\/li>\n<li>Suela de antideslizante, resistente a la abrasi\u00f3n<\/li>\n<\/ul>\n","protected":false},"excerpt":{"rendered":"<p>Referencias: 295800342 Talla 42 295800343 Talla 43 295800345 Talla 45 Material de alta calidad Ventilaci\u00f3n \u00f3ptima a trav\u00e9s de la piel perforada Doble costura Olli-\u00e1rea Refuerzo de Gel Protector de tobillo en la zona del tal\u00f3n Cierre de cremallera resistente al agua Forro transpirable Plantilla intercambiable, forma anat\u00f3mica Suela de antideslizante, resistente a la abrasi\u00f3n<\/p>\n","protected":false},"featured_media":16623,"template":"","meta":{"_et_pb_use_builder":"","_et_pb_old_content":"","_et_gb_content_width":""},"product_cat":[221,33,34,228],"product_tag":[41,521],"_links":{"self":[{"href":"https:\/\/difrenos.com\/index.php\/wp-json\/wp\/v2\/product\/16615"}],"collection":[{"href":"https:\/\/difrenos.com\/index.php\/wp-json\/wp\/v2\/product"}],"about":[{"href":"https:\/\/difrenos.com\/index.php\/wp-json\/wp\/v2\/types\/product"}],"wp:featuredmedia":[{"embeddable":true,"href":"https:\/\/difrenos.com\/index.php\/wp-json\/wp\/v2\/media\/16623"}],"wp:attachment":[{"href":"https:\/\/difrenos.com\/index.php\/wp-json\/wp\/v2\/media?parent=16615"}],"wp:term":[{"taxonomy":"product_cat","embeddable":true,"href":"https:\/\/difrenos.com\/index.php\/wp-json\/wp\/v2\/product_cat?post=16615"},{"taxonomy":"product_tag","embeddable":true,"href":"https:\/\/difrenos.com\/index.php\/wp-json\/wp\/v2\/product_tag?post=16615"}],"curies":[{"name":"wp","href":"https:\/\/api.w.org\/{rel}","templated":true}]}}