{"id":16610,"date":"2025-01-24T12:20:08","date_gmt":"2025-01-24T12:20:08","guid":{"rendered":"https:\/\/difrenos.com\/?post_type=product&#038;p=16610"},"modified":"2026-03-09T20:46:54","modified_gmt":"2026-03-09T20:46:54","slug":"botas-gaerne-sg-12-limited-edition","status":"publish","type":"product","link":"https:\/\/difrenos.com\/index.php\/producto\/botas-gaerne-sg-12-limited-edition\/","title":{"rendered":"Botas Gaerne SG 12 Limited Edition"},"content":{"rendered":"<p>Referencia: 217401443 Talla 43<\/p>\n<p><strong>Botas Gaerne SG12 Limited Edition Blancas \/ Negras<\/strong>. Las mejores botas off-road de Gaerne. Consideradas \u201cunas de las botas m\u00e1s confortables, duraderas y tecnol\u00f3gicamente m\u00e1s avanzadas nunca probadas\u201d por la revista Motocross Action.<\/p>\n<p><strong>Tejido superior:<\/strong><\/p>\n<p>La parte superior est\u00e1 realizada en tejido Acronos, que se caracteriza por su fibra de alta resistencia a la abrasi\u00f3n y al calor, a la vez que por su extremada elasticidad. Su dise\u00f1o ha sido especialmente realizado para evitar la entrada de arena o cualquier otro material.<\/p>\n<p><strong>Puntera:<\/strong><\/p>\n<p>Confeccionada en acero inoxidable, indeformable y antioxidante. Ha sido redise\u00f1ada y reforzada para ofrecer una mayor resistencia y un look m\u00e1s agresivo.<\/p>\n","protected":false},"excerpt":{"rendered":"<p>Talla 43<\/p>\n","protected":false},"featured_media":16611,"template":"","meta":{"_et_pb_use_builder":"","_et_pb_old_content":"","_et_gb_content_width":""},"product_cat":[221,33,34,253],"product_tag":[374,296,521,830],"_links":{"self":[{"href":"https:\/\/difrenos.com\/index.php\/wp-json\/wp\/v2\/product\/16610"}],"collection":[{"href":"https:\/\/difrenos.com\/index.php\/wp-json\/wp\/v2\/product"}],"about":[{"href":"https:\/\/difrenos.com\/index.php\/wp-json\/wp\/v2\/types\/product"}],"wp:featuredmedia":[{"embeddable":true,"href":"https:\/\/difrenos.com\/index.php\/wp-json\/wp\/v2\/media\/16611"}],"wp:attachment":[{"href":"https:\/\/difrenos.com\/index.php\/wp-json\/wp\/v2\/media?parent=16610"}],"wp:term":[{"taxonomy":"product_cat","embeddable":true,"href":"https:\/\/difrenos.com\/index.php\/wp-json\/wp\/v2\/product_cat?post=16610"},{"taxonomy":"product_tag","embeddable":true,"href":"https:\/\/difrenos.com\/index.php\/wp-json\/wp\/v2\/product_tag?post=16610"}],"curies":[{"name":"wp","href":"https:\/\/api.w.org\/{rel}","templated":true}]}}