{"id":16607,"date":"2025-01-24T12:10:36","date_gmt":"2025-01-24T12:10:36","guid":{"rendered":"https:\/\/difrenos.com\/?post_type=product&#038;p=16607"},"modified":"2026-03-09T20:50:36","modified_gmt":"2026-03-09T20:50:36","slug":"botas-gaerne-gx-1-enduro","status":"publish","type":"product","link":"https:\/\/difrenos.com\/index.php\/producto\/botas-gaerne-gx-1-enduro\/","title":{"rendered":"Botas Gaerne GX 1 Enduro"},"content":{"rendered":"<p>Referencias:<br \/>\n219400144 Talla 44<br \/>\n219400146 Talla 46<\/p>\n<p>La bota todoterreno GX1 est\u00e1 dise\u00f1ada para los motociclistas que priorizan la comodidad durante todo el d\u00eda y un rendimiento confiable, lo que garantiza que se mantengan c\u00f3modos y concentrados durante largas horas en la pista.<br \/>\nEst\u00e1 equipada con un sistema de soporte estructural robusto que cuenta con la tecnolog\u00eda ATP (Anti-Torsion Pocket). Este dise\u00f1o incluye dos leng\u00fcetas que se deslizan dentro de bolsillos especialmente dise\u00f1ados, lo que evita de manera efectiva la sobreextensi\u00f3n y al mismo tiempo permite una flexi\u00f3n natural hacia adelante y hacia atr\u00e1s.<br \/>\nPara mayor protecci\u00f3n, la bota cuenta con una placa de espinilla delantera inyectada con PU, con forma anat\u00f3mica para un soporte \u00f3ptimo. Las ventilaciones laterales ayudan a mantener los pies secos, lo que garantiza la m\u00e1xima comodidad durante todo el viaje. En el interior, la gamuza estampada en el panel interior proporciona un agarre excepcional y es resistente al calor, lo que mejora el control y la protecci\u00f3n durante los viajes.<\/p>\n","protected":false},"excerpt":{"rendered":"<p>Referencias: 219400144 Talla 44 219400146 Talla 46 La bota todoterreno GX1 est\u00e1 dise\u00f1ada para los motociclistas que priorizan la comodidad durante todo el d\u00eda y un rendimiento confiable, lo que garantiza que se mantengan c\u00f3modos y concentrados durante largas horas en la pista. Est\u00e1 equipada con un sistema de soporte estructural robusto que cuenta con [&hellip;]<\/p>\n","protected":false},"featured_media":16608,"template":"","meta":{"_et_pb_use_builder":"","_et_pb_old_content":"","_et_gb_content_width":""},"product_cat":[221,33,34,253],"product_tag":[296,521],"_links":{"self":[{"href":"https:\/\/difrenos.com\/index.php\/wp-json\/wp\/v2\/product\/16607"}],"collection":[{"href":"https:\/\/difrenos.com\/index.php\/wp-json\/wp\/v2\/product"}],"about":[{"href":"https:\/\/difrenos.com\/index.php\/wp-json\/wp\/v2\/types\/product"}],"wp:featuredmedia":[{"embeddable":true,"href":"https:\/\/difrenos.com\/index.php\/wp-json\/wp\/v2\/media\/16608"}],"wp:attachment":[{"href":"https:\/\/difrenos.com\/index.php\/wp-json\/wp\/v2\/media?parent=16607"}],"wp:term":[{"taxonomy":"product_cat","embeddable":true,"href":"https:\/\/difrenos.com\/index.php\/wp-json\/wp\/v2\/product_cat?post=16607"},{"taxonomy":"product_tag","embeddable":true,"href":"https:\/\/difrenos.com\/index.php\/wp-json\/wp\/v2\/product_tag?post=16607"}],"curies":[{"name":"wp","href":"https:\/\/api.w.org\/{rel}","templated":true}]}}