{"id":16526,"date":"2025-01-22T17:36:11","date_gmt":"2025-01-22T17:36:11","guid":{"rendered":"https:\/\/difrenos.com\/?post_type=product&#038;p=16526"},"modified":"2026-03-11T11:52:07","modified_gmt":"2026-03-11T11:52:07","slug":"aceite-motul-lhm-1-litro","status":"publish","type":"product","link":"https:\/\/difrenos.com\/index.php\/producto\/aceite-motul-lhm-1-litro\/","title":{"rendered":"ACEITE MOTUL LHM+  1 LITRO"},"content":{"rendered":"<p>L\u00edquido hidr\u00e1ulico mineral (LHM) especialmente concebido para su aplicaci\u00f3n en los circuitos hidr\u00e1ulicos de los veh\u00edculos Citr\u00f6en despu\u00e9s de 1966: suspensi\u00f3n hidroneum\u00e1tica, frenos, direcciones asistidas, etc.<\/p>\n<p><strong>VENTAJAS:<\/strong><\/p>\n<p>Posee mayor fluidez a bajas temperaturas respecto del LHM cl\u00e1sico, as\u00ed como un mayor \u00edndice de viscosidad favoreciendo unas prestaciones de servicio en todas las condiciones de trabajo: elevadas temperaturas en el circuito de frenos, suavidad y exactitud en las suspensiones y direcci\u00f3n asistida. Propiedades anticorrosi\u00f3n, antiespuma, antidesgaste, as\u00ed como una excelente estabilidad. Asegura una protecci\u00f3n absoluta contra la corrosi\u00f3n y oxidaci\u00f3n y es neutro frente a gomas de retenes y juntas. Es de color verde fluorescente con la finalidad de facilitar la localizaci\u00f3n de posibles p\u00e9rdidas.<\/p>\n","protected":false},"excerpt":{"rendered":"<p>L\u00edquido hidr\u00e1ulico mineral (LHM) especialmente concebido para su aplicaci\u00f3n en los circuitos hidr\u00e1ulicos de los veh\u00edculos Citr\u00f6en despu\u00e9s de 1966: suspensi\u00f3n hidroneum\u00e1tica, frenos, direcciones asistidas, etc. VENTAJAS: Posee mayor fluidez a bajas temperaturas respecto del LHM cl\u00e1sico, as\u00ed como un mayor \u00edndice de viscosidad favoreciendo unas prestaciones de servicio en todas las condiciones de trabajo: [&hellip;]<\/p>\n","protected":false},"featured_media":16527,"template":"","meta":{"_et_pb_use_builder":"","_et_pb_old_content":"","_et_gb_content_width":""},"product_cat":[825,170],"product_tag":[],"_links":{"self":[{"href":"https:\/\/difrenos.com\/index.php\/wp-json\/wp\/v2\/product\/16526"}],"collection":[{"href":"https:\/\/difrenos.com\/index.php\/wp-json\/wp\/v2\/product"}],"about":[{"href":"https:\/\/difrenos.com\/index.php\/wp-json\/wp\/v2\/types\/product"}],"wp:featuredmedia":[{"embeddable":true,"href":"https:\/\/difrenos.com\/index.php\/wp-json\/wp\/v2\/media\/16527"}],"wp:attachment":[{"href":"https:\/\/difrenos.com\/index.php\/wp-json\/wp\/v2\/media?parent=16526"}],"wp:term":[{"taxonomy":"product_cat","embeddable":true,"href":"https:\/\/difrenos.com\/index.php\/wp-json\/wp\/v2\/product_cat?post=16526"},{"taxonomy":"product_tag","embeddable":true,"href":"https:\/\/difrenos.com\/index.php\/wp-json\/wp\/v2\/product_tag?post=16526"}],"curies":[{"name":"wp","href":"https:\/\/api.w.org\/{rel}","templated":true}]}}