{"id":16331,"date":"2025-01-15T12:37:09","date_gmt":"2025-01-15T12:37:09","guid":{"rendered":"https:\/\/difrenos.com\/?post_type=product&#038;p=16331"},"modified":"2026-02-23T13:24:48","modified_gmt":"2026-02-23T13:24:48","slug":"calcetines-largos-thor-s8-mx-socks-navy-orange-youth","status":"publish","type":"product","link":"https:\/\/difrenos.com\/index.php\/producto\/calcetines-largos-thor-s8-mx-socks-navy-orange-youth\/","title":{"rendered":"Calcetines Thor S8 Mx Youth"},"content":{"rendered":"<p><strong>Calcetines Largos Thor Mx Socks Navy \/ Orange.<\/strong><\/p>\n<p>\u25cf Los calcetines Thor MX largos est\u00e1n fabricados en 80% acr\u00edlico, 17% poli\u00e9ster y mezcla de 3% elastano para mayor comodidad.<\/p>\n<p>\u25cf Son ideales para los pilotos que usan rodilleras para prevenir las rozaduras y la irritaci\u00f3n.<\/p>\n<p>\u25cf Con paneles de baja densidad especiales en el empeine, la espinilla y los tobillos para mayor comodidad.<\/p>\n<p>Para numeros entre 35-39<\/p>\n","protected":false},"excerpt":{"rendered":"<p>Calcetines Largos Thor Mx Socks Navy \/ Orange. \u25cf Los calcetines Thor MX largos est\u00e1n fabricados en 80% acr\u00edlico, 17% poli\u00e9ster y mezcla de 3% elastano para mayor comodidad. \u25cf Son ideales para los pilotos que usan rodilleras para prevenir las rozaduras y la irritaci\u00f3n. \u25cf Con paneles de baja densidad especiales en el empeine, [&hellip;]<\/p>\n","protected":false},"featured_media":16333,"template":"","meta":{"_et_pb_use_builder":"","_et_pb_old_content":"","_et_gb_content_width":""},"product_cat":[216,33,862,116],"product_tag":[117,810],"_links":{"self":[{"href":"https:\/\/difrenos.com\/index.php\/wp-json\/wp\/v2\/product\/16331"}],"collection":[{"href":"https:\/\/difrenos.com\/index.php\/wp-json\/wp\/v2\/product"}],"about":[{"href":"https:\/\/difrenos.com\/index.php\/wp-json\/wp\/v2\/types\/product"}],"wp:featuredmedia":[{"embeddable":true,"href":"https:\/\/difrenos.com\/index.php\/wp-json\/wp\/v2\/media\/16333"}],"wp:attachment":[{"href":"https:\/\/difrenos.com\/index.php\/wp-json\/wp\/v2\/media?parent=16331"}],"wp:term":[{"taxonomy":"product_cat","embeddable":true,"href":"https:\/\/difrenos.com\/index.php\/wp-json\/wp\/v2\/product_cat?post=16331"},{"taxonomy":"product_tag","embeddable":true,"href":"https:\/\/difrenos.com\/index.php\/wp-json\/wp\/v2\/product_tag?post=16331"}],"curies":[{"name":"wp","href":"https:\/\/api.w.org\/{rel}","templated":true}]}}