{"id":16197,"date":"2025-01-09T11:17:32","date_gmt":"2025-01-09T11:17:32","guid":{"rendered":"https:\/\/difrenos.com\/?post_type=product&#038;p=16197"},"modified":"2026-04-16T10:15:02","modified_gmt":"2026-04-16T10:15:02","slug":"husqvarna-vitpilen-801-l-2025","status":"publish","type":"product","link":"https:\/\/difrenos.com\/index.php\/producto\/husqvarna-vitpilen-801-l-2025\/","title":{"rendered":"HUSQVARNA VITPILEN 801 L 2025 YELLOW"},"content":{"rendered":"<div class=\"col-xl-4 col-lg-5 col-lg-5 col-lg-5--bottom-col col-md-12 models__reverse-col-offset-lg\">\n<div class=\"models__description models__description--desktop-only\">La Vitpilen 801 L es una roadster muy capaz y din\u00e1mica que ofrece una experiencia de pilotaje incomparable. Con un dise\u00f1o inspirado en la herencia sueca de la marca, esta moderna motocicleta de bella factura se caracteriza por su faro con lente de proyector LED, que incorpora un anillo luminoso circular para un aspecto inconfundible. EL motor bic\u00edlindrico en paralelo de 95CV ofrece un rendimiento puro, con m\u00faltiples ayudas electr\u00f3nicas al piloto que adaptan la entrega de potencia para una configuraci\u00f3n personalizada. La capacidad de personalizaci\u00f3n se extiende a las suspensiones WP premium ajustables y a la posibilidad de elegir hasta cuatro modelos de conducci\u00f3n que garantizan que la Vitpilen 801 L sea accesible para una amplia gama de pilotos.<\/div>\n<div class=\"models__description models__description--desktop-only\"><\/div>\n<\/div>\n<div><img src=\"https:\/\/cdn.shopify.com\/s\/files\/1\/0542\/6878\/8907\/files\/PHO_BIKE_DET_MY24-Svartpilen-801-Engine-Right__SALL__AEPI__V1_71339bd7-6c11-49ca-b4b1-a4891eb93521.jpg?v=1728316267\" alt=\"\" \/><\/div>\n<p><strong>MOTOR BICIL\u00cdNDRICO EN PARALELO<\/strong><\/p>\n<p>La Vitpilen 801 L est\u00e1 propulsada por un compacto motor bicil\u00edndrico en paralelo de 799 cc que rinde 95 CV. La avanzada tecnolog\u00eda utilizada para el motor, inclu\u00edda la evacuaci\u00f3n activa del c\u00e1rter y la lubricaci\u00f3n por c\u00e1rter semiseco, garantizan una eficiencia excepcional, adem\u00e1s de ofrecer un rendimiento y una durabilidad extraordinarios, con unos intervalos de mantenimiento fijados en 15.000km<\/p>\n<p><img src=\"https:\/\/cdn.shopify.com\/s\/files\/1\/0542\/6878\/8907\/files\/PHO_BIKE_DET_easy-shift-Vitpilen-801-2025__SALL__AEPI__V1.jpg?v=1728316307\" alt=\"\" \/><\/p>\n<p><strong>EASY SHIFT<\/strong><\/p>\n<p>El cambio Easy Shift opcional es una funci\u00f3n incre\u00edble que garantiza que los cambios de marcha sean lo mas suaves y r\u00e1pidos posibles. Una vez que el EMS registra el movimiento en la palanca de cambio, limita moment\u00e1neamente la potencia, garantizando cambios ascendentes sin interrupciones o ad\u00e1ptandose al n\u00famero de revoluciones del motor en las reducciones, para simplificar el pilotaje, no es necesario utilizar el embrague para cambiar de marcha en la Vitpilen 801 L.<\/p>\n<p><img src=\"https:\/\/cdn.shopify.com\/s\/files\/1\/0542\/6878\/8907\/files\/PHO_BIKE_DET_LED-lights-Vitpilen-801-2025__SALL__AEPI__V1.jpg?v=1728316369\" alt=\"\" \/><\/p>\n<p><strong>LENTE DE PROYECTOR LED<\/strong><\/p>\n<p>Iluminando el camino en situaciones de poca luz, el faro Bi-LED proporciona una potencia muy brillante y crea un aspecto inconfundible para la Vitpilen 801 L. Para que la m\u00e1quina sea claramente visible en todo momento, un anillo luminoso rodea el faro y a\u00f1ade un estilo distintivo al frontal. En la parte trasera, el piloto y los intermitentes LED se integran perfectamente en la carrocer\u00eda para no alterar sus suaves contornos.<\/p>\n<p><img src=\"https:\/\/cdn.shopify.com\/s\/files\/1\/0542\/6878\/8907\/files\/PHO_BIKE_DET_ride-modes-Vitpilen-801-2025__SALL__AEPI__V1.jpg?v=1728316414\" alt=\"\" \/><\/p>\n<p><strong>MODOS DE PILOTAJE<\/strong><\/p>\n<p>La Vitpilen 801 L est\u00e1 equipada con m\u00faltiples ayudas electr\u00f3nicas al piloto para mejorar su facilidad de uso. Los modos de pilotaje preestablecidos ofrecen tres configuraciones diferentes: Street, Sport y Rain. El modo Street est\u00e1 activado de serie, mientras que el modo Sport agudiza la respuesta del acelerador, ofreciendo al piloto la posibilidad de romper la tracci\u00f3n y derrapar con la rueda trasera, La lluvia puede activarse en condiciones meteorol\u00f3gicas adversas para obtener una respuesta menos agresiva del acelerador y limitar la entrega de potencia. Para la configuraci\u00f3n individual de la respuesta del acelerador, el control de tracci\u00f3n y los ajustes avanzados de pilotaje, hay tambi\u00e9n disponible un moto Dynamic.<\/p>\n<p><img src=\"https:\/\/cdn.shopify.com\/s\/files\/1\/0542\/6878\/8907\/files\/PHO_BIKE_DET_anti-wheelie-modus-Vitpilen-801-2025__SALL__AEPI__V1.jpg?v=1728316445\" alt=\"\" \/><\/p>\n<p><strong>MODO ANTIWHEELIE<\/strong><\/p>\n<p>La Vitpilen 801 L incorpora un modo antiwheelie dentro del pack Dynamic opcional que ofrece cinco niveles distintos de control, de Muy bajo a Muy alto, que permiten grados espec\u00edficos de caballitos. Los pilotos experimentados tambi\u00e9n pueden desactivar completamente el modo para tener un control total de la moto .<\/p>\n<p><img src=\"https:\/\/cdn.shopify.com\/s\/files\/1\/0542\/6878\/8907\/files\/PHO_BIKE_DET_dynamic-pack-Vitpilen-801-2025__SALL__AEPI__V1.jpg?v=1728316469\" alt=\"\" \/><\/p>\n<p><strong>PACK DYNAMIC<\/strong><\/p>\n<p>El pack Dynamic opcional eleva la experiencia de pilotaje y libera todo el potencial de la Vitpilen 801 L. El modo de pilotaje Dynamic puede configurarse seg\u00fan las preferencias personales, pudiendo seleccionar 3 ajustes diferentes de respuesta del acelerador: Street, Sport o Dynamic. Adem\u00e1s, incluye 10 niveles de ajuste del control antiderrapaje, 5 niveles de modo antiwheelie y MSR (regulaci\u00f3n del freno motor).<\/p>\n<p><img src=\"https:\/\/cdn.shopify.com\/s\/files\/1\/0542\/6878\/8907\/files\/PHO_BIKE_DET_brakes-Vitpilen-801-2025__SALL__AEPI__V1.jpg?v=1728316494\" alt=\"\" \/><\/p>\n<p><strong>FRENOS<\/strong><\/p>\n<p>La excepcional potencia de frenado proviene de los sistemas de frenos J.Juan de doble disco de \u00faltima generaci\u00f3n. En la rueda delantera, dos discos delanteros flotantes de 300 mm est\u00e1n emparejados con pinzas de anclaje radial de cuatro pistones, mientras que detr\u00e1s, un disco de 240 mm y una pinza de dos pistones se encargan de la frenada. Adem\u00e1s, el sistema ABS Bosch se puede activar como ABS Supermoto. Esto desactivar\u00e1 el ABS de la rueda trasera para que los pilotos avanzados puedan derrapar en las curvas.<\/p>\n<p><img src=\"https:\/\/cdn.shopify.com\/s\/files\/1\/0542\/6878\/8907\/files\/PHO_BIKE_DET_tank-Vitpilen-801-2025__SALL__AEPI__V1.jpg?v=1728316654\" alt=\"\" \/><\/p>\n<p><b>DEP\u00d3SITO<\/b><\/p>\n<p>En el centro del concepto de dise\u00f1o de la Vitpilen 801, el dep\u00f3sito de gasolina de 14 litros en forma de bala est\u00e1 alojado dentro de una cubierta exclusiva que proporciona un amplio contacto con las rodillas para una marcha que inspira confianza. Esto permite a los pilotos moverse libremente al acelerar y frenar, para un control m\u00e1ximo.<\/p>\n<p><img src=\"https:\/\/cdn.shopify.com\/s\/files\/1\/0542\/6878\/8907\/files\/PHO_BIKE_DET_MY24-Svartpilen-801-suspension__SALL__AEPI__V1_78a448ab-1da5-4407-b17e-c60507bf8a29.jpg?v=1728316711\" alt=\"\" \/><\/p>\n<p><strong>SUSPENSIONES<\/strong><\/p>\n<p>Las suspensiones WP Premium proporcionan un rendimiento avanzado en entornos urbanos y en carreteras m\u00e1s r\u00e1pidas y fluidas. La horquilla delantera WP APEX de cartucho abierto y 43 mm, f\u00e1cilmente ajustable, ofrece 140 mm de recorrido y la posibilidad de personalizar los ajustes de compresi\u00f3n y extensi\u00f3n. El amortiguador trasero WP, conectado directamente al basculante de aluminio fundido para optimizar la capacidad de flexi\u00f3n y la estabilidad, cuenta con 150 mm de recorrido para el m\u00e1ximo confort y la opci\u00f3n de ajustar con precisi\u00f3n la extensi\u00f3n y la precarga.<\/p>\n<p><img src=\"https:\/\/cdn.shopify.com\/s\/files\/1\/0542\/6878\/8907\/files\/PHO_BIKE_DET_wheels-Vitpilen-801-2025__SALL__AEPI__V1.jpg?v=1728316746\" alt=\"\" \/><\/p>\n<p><strong>LLANTAS Y NEUM\u00c1TICOS<\/strong><\/p>\n<p>Las ligeras llantas de fundici\u00f3n de 17&#8243; aseguran robustez y durabilidad con un m\u00ednimo peso no suspendido. Las llantas se completan con un acabado anodizado negro para resaltar su calidad superior y neum\u00e1ticos Michelin Road 6, que proporcionan una tracci\u00f3n y previsibilidad excepcionales sobre el asfalto.<\/p>\n","protected":false},"excerpt":{"rendered":"<p>PODEMOS COGER MOTO A CAMBIO<\/p>\n<p>SE PUEDE LIMITAR PARA CARNET A2<\/p>\n<p>OFERTA VALIDA HASTA EL 30\/04\/2026 Y\/O FIN DE EXISTENCIAS (INFORMATE SOBRE DISPONIBILIDAD ACTUAL)<\/p>\n<p>FINANCIACION AL 2,99% TIN A 36 MESES (se adjunta tabla de ejemplos)<\/p>\n<p>&nbsp;<\/p>\n","protected":false},"featured_media":16199,"template":"","meta":{"_et_pb_use_builder":"","_et_pb_old_content":"","_et_gb_content_width":""},"product_cat":[324,129,330],"product_tag":[],"_links":{"self":[{"href":"https:\/\/difrenos.com\/index.php\/wp-json\/wp\/v2\/product\/16197"}],"collection":[{"href":"https:\/\/difrenos.com\/index.php\/wp-json\/wp\/v2\/product"}],"about":[{"href":"https:\/\/difrenos.com\/index.php\/wp-json\/wp\/v2\/types\/product"}],"wp:featuredmedia":[{"embeddable":true,"href":"https:\/\/difrenos.com\/index.php\/wp-json\/wp\/v2\/media\/16199"}],"wp:attachment":[{"href":"https:\/\/difrenos.com\/index.php\/wp-json\/wp\/v2\/media?parent=16197"}],"wp:term":[{"taxonomy":"product_cat","embeddable":true,"href":"https:\/\/difrenos.com\/index.php\/wp-json\/wp\/v2\/product_cat?post=16197"},{"taxonomy":"product_tag","embeddable":true,"href":"https:\/\/difrenos.com\/index.php\/wp-json\/wp\/v2\/product_tag?post=16197"}],"curies":[{"name":"wp","href":"https:\/\/api.w.org\/{rel}","templated":true}]}}