{"id":16151,"date":"2025-01-07T13:40:47","date_gmt":"2025-01-07T13:40:47","guid":{"rendered":"https:\/\/difrenos.com\/?post_type=product&#038;p=16151"},"modified":"2025-12-18T12:37:00","modified_gmt":"2025-12-18T12:37:00","slug":"guantes-hebo-team-junior","status":"publish","type":"product","link":"https:\/\/difrenos.com\/index.php\/producto\/guantes-hebo-team-junior\/","title":{"rendered":"Guantes Hebo Team Junior Rojo"},"content":{"rendered":"<p>Referencia: HE1180<\/p>\n<p>Guantes Junior desarrollados para un perfecto rendimiento en el Trial, con ultra secado r\u00e1pido y \u00f3ptimo funcionamiento para las pantallas t\u00e1ctiles.<\/p>\n<p>Fabricados en nylon (63%), poli\u00e9ster (30%) y poliuretano (7%).<br \/>\nEl tejido del dorso es el\u00e1stico en 4 direcciones para proporcionar m\u00e1xima libertad de movimientos.<br \/>\nPalma de microfibra para facilitar el agarre al pu\u00f1o de la motocicleta.<br \/>\nCierre de velcro en la mu\u00f1eca.<\/p>\n","protected":false},"excerpt":{"rendered":"<p>Referencia: HE1180 Guantes Junior desarrollados para un perfecto rendimiento en el Trial, con ultra secado r\u00e1pido y \u00f3ptimo funcionamiento para las pantallas t\u00e1ctiles. Fabricados en nylon (63%), poli\u00e9ster (30%) y poliuretano (7%). El tejido del dorso es el\u00e1stico en 4 direcciones para proporcionar m\u00e1xima libertad de movimientos. Palma de microfibra para facilitar el agarre al [&hellip;]<\/p>\n","protected":false},"featured_media":16152,"template":"","meta":{"_et_pb_use_builder":"","_et_pb_old_content":"","_et_gb_content_width":""},"product_cat":[33,261,711,116],"product_tag":[105,117,302],"_links":{"self":[{"href":"https:\/\/difrenos.com\/index.php\/wp-json\/wp\/v2\/product\/16151"}],"collection":[{"href":"https:\/\/difrenos.com\/index.php\/wp-json\/wp\/v2\/product"}],"about":[{"href":"https:\/\/difrenos.com\/index.php\/wp-json\/wp\/v2\/types\/product"}],"wp:featuredmedia":[{"embeddable":true,"href":"https:\/\/difrenos.com\/index.php\/wp-json\/wp\/v2\/media\/16152"}],"wp:attachment":[{"href":"https:\/\/difrenos.com\/index.php\/wp-json\/wp\/v2\/media?parent=16151"}],"wp:term":[{"taxonomy":"product_cat","embeddable":true,"href":"https:\/\/difrenos.com\/index.php\/wp-json\/wp\/v2\/product_cat?post=16151"},{"taxonomy":"product_tag","embeddable":true,"href":"https:\/\/difrenos.com\/index.php\/wp-json\/wp\/v2\/product_tag?post=16151"}],"curies":[{"name":"wp","href":"https:\/\/api.w.org\/{rel}","templated":true}]}}