{"id":15661,"date":"2024-12-18T11:05:19","date_gmt":"2024-12-18T11:05:19","guid":{"rendered":"https:\/\/difrenos.com\/?post_type=product&#038;p=15661"},"modified":"2025-10-24T12:27:58","modified_gmt":"2025-10-24T12:27:58","slug":"guantes-acerbis-urban","status":"publish","type":"product","link":"https:\/\/difrenos.com\/index.php\/producto\/guantes-acerbis-urban\/","title":{"rendered":"Guantes Acerbis Urban"},"content":{"rendered":"<p>Referencias:<br \/>\n0016787090062 Talla S<br \/>\n0016787090064 Talla M<br \/>\n0016787090070 Talla XXXL<\/p>\n<p>Los guantes Acerbis Urban son c\u00f3modos y ligeros, perfectos para desplazarse por la ciudad. Llevan membrana impermeable y cortaviento, y tienen un dise\u00f1o discreto apto para todos los estilos.<\/p>\n<ul>\n<li>Guantes para ciudad de invierno<\/li>\n<li>Pu\u00f1o el\u00e1stico<\/li>\n<\/ul>\n","protected":false},"excerpt":{"rendered":"<p>Referencias: 0016787090062 Talla S 0016787090064 Talla M 0016787090070 Talla XXXL Los guantes Acerbis Urban son c\u00f3modos y ligeros, perfectos para desplazarse por la ciudad. Llevan membrana impermeable y cortaviento, y tienen un dise\u00f1o discreto apto para todos los estilos. Guantes para ciudad de invierno Pu\u00f1o el\u00e1stico<\/p>\n","protected":false},"featured_media":23151,"template":"","meta":{"_et_pb_use_builder":"","_et_pb_old_content":"","_et_gb_content_width":""},"product_cat":[729,33,230,100],"product_tag":[26,435],"_links":{"self":[{"href":"https:\/\/difrenos.com\/index.php\/wp-json\/wp\/v2\/product\/15661"}],"collection":[{"href":"https:\/\/difrenos.com\/index.php\/wp-json\/wp\/v2\/product"}],"about":[{"href":"https:\/\/difrenos.com\/index.php\/wp-json\/wp\/v2\/types\/product"}],"wp:featuredmedia":[{"embeddable":true,"href":"https:\/\/difrenos.com\/index.php\/wp-json\/wp\/v2\/media\/23151"}],"wp:attachment":[{"href":"https:\/\/difrenos.com\/index.php\/wp-json\/wp\/v2\/media?parent=15661"}],"wp:term":[{"taxonomy":"product_cat","embeddable":true,"href":"https:\/\/difrenos.com\/index.php\/wp-json\/wp\/v2\/product_cat?post=15661"},{"taxonomy":"product_tag","embeddable":true,"href":"https:\/\/difrenos.com\/index.php\/wp-json\/wp\/v2\/product_tag?post=15661"}],"curies":[{"name":"wp","href":"https:\/\/api.w.org\/{rel}","templated":true}]}}