{"id":15550,"date":"2024-12-17T11:57:34","date_gmt":"2024-12-17T11:57:34","guid":{"rendered":"https:\/\/difrenos.com\/?post_type=product&#038;p=15550"},"modified":"2026-04-14T09:07:37","modified_gmt":"2026-04-14T09:07:37","slug":"chaqueta-acerbis-peel","status":"publish","type":"product","link":"https:\/\/difrenos.com\/index.php\/producto\/chaqueta-acerbis-peel\/","title":{"rendered":"Chaqueta Acerbis Peel"},"content":{"rendered":"<p>Referencia: 0015967090062 Talla S<\/p>\n<ul>\n<li>Chaqueta de invierno para carretera y ciudad<\/li>\n<li>Forro interior desmontable<\/li>\n<li>Protecciones extra\u00edbles homologadas<\/li>\n<li>Cremallera entera<\/li>\n<li>M\u00faltiples bolsillos<\/li>\n<li><u>Caracter\u00edsticas t\u00e9cnicas:<\/u>\u00a0Realizada en Nylon 500 D y refuerzos en Poli\u00e9ster Oxford 1680D. Chaleco interior extra\u00edble en poli\u00e9ster. Membrana Ureamax \u2122 extra\u00edble de manga larga, resistencia columna de agua: 5.000mm.Proteccion: Powertector modelo EVOLUTION. Protector de espalda EVA extra\u00edble. Sistema de ventilaci\u00f3n Acerbis Air Clima Confort. Regulable en la cintura con velcro; inserciones de tejido el\u00e1stico sobre hombros, espalda, codos y om\u00f3platos. Cuello con microregulaci\u00f3n con botones y Flexisnap\u00ae. Cremallera de conexi\u00f3n para unirla al pantal\u00f3n. Cierre frontal con cremallera interna y la parte superior con velcro y cierre de bot\u00f3n. Insertos reflectantes en la parte delantera y posterior. Bolsillos sobrepuestos y ocultos en la parte delantera. Mangas extra\u00edbles con cremallera.<\/li>\n<\/ul>\n","protected":false},"excerpt":{"rendered":"<p>Talla S<\/p>\n","protected":false},"featured_media":15593,"template":"","meta":{"_et_pb_use_builder":"","_et_pb_old_content":"","_et_gb_content_width":""},"product_cat":[729,33,232,51],"product_tag":[26,41,192],"_links":{"self":[{"href":"https:\/\/difrenos.com\/index.php\/wp-json\/wp\/v2\/product\/15550"}],"collection":[{"href":"https:\/\/difrenos.com\/index.php\/wp-json\/wp\/v2\/product"}],"about":[{"href":"https:\/\/difrenos.com\/index.php\/wp-json\/wp\/v2\/types\/product"}],"wp:featuredmedia":[{"embeddable":true,"href":"https:\/\/difrenos.com\/index.php\/wp-json\/wp\/v2\/media\/15593"}],"wp:attachment":[{"href":"https:\/\/difrenos.com\/index.php\/wp-json\/wp\/v2\/media?parent=15550"}],"wp:term":[{"taxonomy":"product_cat","embeddable":true,"href":"https:\/\/difrenos.com\/index.php\/wp-json\/wp\/v2\/product_cat?post=15550"},{"taxonomy":"product_tag","embeddable":true,"href":"https:\/\/difrenos.com\/index.php\/wp-json\/wp\/v2\/product_tag?post=15550"}],"curies":[{"name":"wp","href":"https:\/\/api.w.org\/{rel}","templated":true}]}}