{"id":14974,"date":"2024-11-20T13:53:58","date_gmt":"2024-11-20T13:53:58","guid":{"rendered":"https:\/\/difrenos.com\/?post_type=product&#038;p=14974"},"modified":"2025-11-19T11:42:14","modified_gmt":"2025-11-19T11:42:14","slug":"pantalon-termico-tucano-urbano-talla-l","status":"publish","type":"product","link":"https:\/\/difrenos.com\/index.php\/producto\/pantalon-termico-tucano-urbano-talla-l\/","title":{"rendered":"Pantal\u00f3n T\u00e9rmico Tucano Urbano"},"content":{"rendered":"<p>ref. 671N<\/p>\n<p>Caracter\u00edsticas t\u00e9cnicas:<\/p>\n<p>ESPECIFICACIONES T\u00c9CNICAS<br \/>\n&#8211; Pantal\u00f3n t\u00e9cnico<br \/>\n&#8211; Poli\u00e9ster t\u00e9rmico el\u00e1stico<br \/>\n&#8211; Aplicaciones windbreaker<br \/>\n&#8211; Se utiliza como ropa interior, en contacto con la piel<\/p>\n<p>COMPOSICI\u00d3N<br \/>\n100% Poli\u00e9ster<\/p>\n","protected":false},"excerpt":{"rendered":"<p>Talla L<\/p>\n","protected":false},"featured_media":14975,"template":"","meta":{"_et_pb_use_builder":"","_et_pb_old_content":"","_et_gb_content_width":""},"product_cat":[33,231,149],"product_tag":[864,841],"_links":{"self":[{"href":"https:\/\/difrenos.com\/index.php\/wp-json\/wp\/v2\/product\/14974"}],"collection":[{"href":"https:\/\/difrenos.com\/index.php\/wp-json\/wp\/v2\/product"}],"about":[{"href":"https:\/\/difrenos.com\/index.php\/wp-json\/wp\/v2\/types\/product"}],"wp:featuredmedia":[{"embeddable":true,"href":"https:\/\/difrenos.com\/index.php\/wp-json\/wp\/v2\/media\/14975"}],"wp:attachment":[{"href":"https:\/\/difrenos.com\/index.php\/wp-json\/wp\/v2\/media?parent=14974"}],"wp:term":[{"taxonomy":"product_cat","embeddable":true,"href":"https:\/\/difrenos.com\/index.php\/wp-json\/wp\/v2\/product_cat?post=14974"},{"taxonomy":"product_tag","embeddable":true,"href":"https:\/\/difrenos.com\/index.php\/wp-json\/wp\/v2\/product_tag?post=14974"}],"curies":[{"name":"wp","href":"https:\/\/api.w.org\/{rel}","templated":true}]}}