{"id":14904,"date":"2024-11-18T12:13:28","date_gmt":"2024-11-18T12:13:28","guid":{"rendered":"https:\/\/difrenos.com\/?post_type=product&#038;p=14904"},"modified":"2024-11-18T12:13:31","modified_gmt":"2024-11-18T12:13:31","slug":"carburador-amal-modelo-215-2","status":"publish","type":"product","link":"https:\/\/difrenos.com\/index.php\/producto\/carburador-amal-modelo-215-2\/","title":{"rendered":"CARBURADOR AMAL MODELO 215\/2"},"content":{"rendered":"<p>Carburador AMAL, con 15 mm de di\u00e1metro de Difusor, Toma de Admisi\u00f3n de 19 mm, Sujeci\u00f3n Abrazadera, Starter Mando Cable<\/p>\n<p class=\"tit mb0\">V\u00e1lido para:<\/p>\n<ul>\n<li>MOBILETTE CADY ORIGINAL Y 64 C.C. METRA-KIT<\/li>\n<\/ul>\n<p>&nbsp;<\/p>\n","protected":false},"excerpt":{"rendered":"<p>Carburador AMAL, con 15 mm de di\u00e1metro de Difusor, Toma de Admisi\u00f3n de 19 mm, Sujeci\u00f3n Abrazadera, Starter Mando Cable V\u00e1lido para: MOBILETTE CADY ORIGINAL Y 64 C.C. METRA-KIT &nbsp;<\/p>\n","protected":false},"featured_media":14909,"template":"","meta":{"_et_pb_use_builder":"","_et_pb_old_content":"","_et_gb_content_width":""},"product_cat":[808,170],"product_tag":[],"_links":{"self":[{"href":"https:\/\/difrenos.com\/index.php\/wp-json\/wp\/v2\/product\/14904"}],"collection":[{"href":"https:\/\/difrenos.com\/index.php\/wp-json\/wp\/v2\/product"}],"about":[{"href":"https:\/\/difrenos.com\/index.php\/wp-json\/wp\/v2\/types\/product"}],"wp:featuredmedia":[{"embeddable":true,"href":"https:\/\/difrenos.com\/index.php\/wp-json\/wp\/v2\/media\/14909"}],"wp:attachment":[{"href":"https:\/\/difrenos.com\/index.php\/wp-json\/wp\/v2\/media?parent=14904"}],"wp:term":[{"taxonomy":"product_cat","embeddable":true,"href":"https:\/\/difrenos.com\/index.php\/wp-json\/wp\/v2\/product_cat?post=14904"},{"taxonomy":"product_tag","embeddable":true,"href":"https:\/\/difrenos.com\/index.php\/wp-json\/wp\/v2\/product_tag?post=14904"}],"curies":[{"name":"wp","href":"https:\/\/api.w.org\/{rel}","templated":true}]}}