{"id":14872,"date":"2024-11-15T14:39:02","date_gmt":"2024-11-15T14:39:02","guid":{"rendered":"https:\/\/difrenos.com\/?post_type=product&#038;p=14872"},"modified":"2026-04-06T09:01:15","modified_gmt":"2026-04-06T09:01:15","slug":"juego-de-bolsa-laterales-husqvarna-vitpilen-701-2018-2020-21012025000","status":"publish","type":"product","link":"https:\/\/difrenos.com\/index.php\/producto\/juego-de-bolsa-laterales-husqvarna-vitpilen-701-2018-2020-21012025000\/","title":{"rendered":"JUEGO DE BOLSA LATERALES HUSQVARNA VITPILEN 701 (2018-2020) (21012025000)"},"content":{"rendered":"<p>Dise\u00f1o moderno, sutil y atemporal<\/p>\n<p>Protecci\u00f3n contra todas las condiciones meteorol\u00f3gicas<\/p>\n<p>Costuras soldadas<\/p>\n<p>Combinaci\u00f3n perfecta de calidad y facilidad de uso universal<\/p>\n<p>Con kit de montaje<\/p>\n<p>Correa de transporte incluida<\/p>\n<p>Cierre por enrollado impermeable<\/p>\n<p>Recubrimiento impermeable resistente<\/p>\n<p>Fondo reforzado<\/p>\n<p>Las estriberas del pasajero deben retirarse para montar las bolsas laterales<\/p>\n","protected":false},"excerpt":{"rendered":"<p>Dise\u00f1o moderno, sutil y atemporal Protecci\u00f3n contra todas las condiciones meteorol\u00f3gicas Costuras soldadas Combinaci\u00f3n perfecta de calidad y facilidad de uso universal Con kit de montaje Correa de transporte incluida Cierre por enrollado impermeable Recubrimiento impermeable resistente Fondo reforzado Las estriberas del pasajero deben retirarse para montar las bolsas laterales<\/p>\n","protected":false},"featured_media":14873,"template":"","meta":{"_et_pb_use_builder":"","_et_pb_old_content":"","_et_gb_content_width":""},"product_cat":[217,170],"product_tag":[],"_links":{"self":[{"href":"https:\/\/difrenos.com\/index.php\/wp-json\/wp\/v2\/product\/14872"}],"collection":[{"href":"https:\/\/difrenos.com\/index.php\/wp-json\/wp\/v2\/product"}],"about":[{"href":"https:\/\/difrenos.com\/index.php\/wp-json\/wp\/v2\/types\/product"}],"wp:featuredmedia":[{"embeddable":true,"href":"https:\/\/difrenos.com\/index.php\/wp-json\/wp\/v2\/media\/14873"}],"wp:attachment":[{"href":"https:\/\/difrenos.com\/index.php\/wp-json\/wp\/v2\/media?parent=14872"}],"wp:term":[{"taxonomy":"product_cat","embeddable":true,"href":"https:\/\/difrenos.com\/index.php\/wp-json\/wp\/v2\/product_cat?post=14872"},{"taxonomy":"product_tag","embeddable":true,"href":"https:\/\/difrenos.com\/index.php\/wp-json\/wp\/v2\/product_tag?post=14872"}],"curies":[{"name":"wp","href":"https:\/\/api.w.org\/{rel}","templated":true}]}}