{"id":14755,"date":"2024-11-13T15:49:22","date_gmt":"2024-11-13T15:49:22","guid":{"rendered":"https:\/\/difrenos.com\/?post_type=product&#038;p=14755"},"modified":"2024-11-13T15:52:18","modified_gmt":"2024-11-13T15:52:18","slug":"pantalon-husqvarna-railed","status":"publish","type":"product","link":"https:\/\/difrenos.com\/index.php\/producto\/pantalon-husqvarna-railed\/","title":{"rendered":"Pantal\u00f3n Husqvarna Railed"},"content":{"rendered":"<p><strong>Pantal\u00f3n Husqvarna Railed<\/strong><\/p>\n<ul>\n<li>Pantal\u00f3n ultraligero Premium MX.<\/li>\n<li>Zonas de ventilaci\u00f3n perforadas.<\/li>\n<li>Refuerzo de cuero resistente al calor y a la abrasi\u00f3n para las rodillas.<\/li>\n<li>Costuras selladas.<\/li>\n<li>74% nylon\/ 19% poli\u00e9ster\/ 4% Kevlar.<\/li>\n<\/ul>\n","protected":false},"excerpt":{"rendered":"<p>Pantal\u00f3n Husqvarna Railed Pantal\u00f3n ultraligero Premium MX. Zonas de ventilaci\u00f3n perforadas. Refuerzo de cuero resistente al calor y a la abrasi\u00f3n para las rodillas. Costuras selladas. 74% nylon\/ 19% poli\u00e9ster\/ 4% Kevlar.<\/p>\n","protected":false},"featured_media":14758,"template":"","meta":{"_et_pb_use_builder":"","_et_pb_old_content":"","_et_gb_content_width":""},"product_cat":[33,701,781],"product_tag":[],"_links":{"self":[{"href":"https:\/\/difrenos.com\/index.php\/wp-json\/wp\/v2\/product\/14755"}],"collection":[{"href":"https:\/\/difrenos.com\/index.php\/wp-json\/wp\/v2\/product"}],"about":[{"href":"https:\/\/difrenos.com\/index.php\/wp-json\/wp\/v2\/types\/product"}],"wp:featuredmedia":[{"embeddable":true,"href":"https:\/\/difrenos.com\/index.php\/wp-json\/wp\/v2\/media\/14758"}],"wp:attachment":[{"href":"https:\/\/difrenos.com\/index.php\/wp-json\/wp\/v2\/media?parent=14755"}],"wp:term":[{"taxonomy":"product_cat","embeddable":true,"href":"https:\/\/difrenos.com\/index.php\/wp-json\/wp\/v2\/product_cat?post=14755"},{"taxonomy":"product_tag","embeddable":true,"href":"https:\/\/difrenos.com\/index.php\/wp-json\/wp\/v2\/product_tag?post=14755"}],"curies":[{"name":"wp","href":"https:\/\/api.w.org\/{rel}","templated":true}]}}