{"id":14721,"date":"2024-11-13T10:52:21","date_gmt":"2024-11-13T10:52:21","guid":{"rendered":"https:\/\/difrenos.com\/?post_type=product&#038;p=14721"},"modified":"2026-01-28T10:55:00","modified_gmt":"2026-01-28T10:55:00","slug":"caballete-trs","status":"publish","type":"product","link":"https:\/\/difrenos.com\/index.php\/producto\/caballete-trs\/","title":{"rendered":"Caballete TRS"},"content":{"rendered":"<p>Caballete-central plegable TRRS para la moto de trial, C\u00f3modo para realizar tareas mec\u00e1nicas y id\u00f3neo para guardar la moto y evitar que se deformen los neum\u00e1ticos.<\/p>\n","protected":false},"excerpt":{"rendered":"<p>Caballete-central plegable TRRS para la moto de trial, C\u00f3modo para realizar tareas mec\u00e1nicas y id\u00f3neo para guardar la moto y evitar que se deformen los neum\u00e1ticos.<\/p>\n","protected":false},"featured_media":14722,"template":"","meta":{"_et_pb_use_builder":"","_et_pb_old_content":"","_et_gb_content_width":""},"product_cat":[797,170],"product_tag":[445,450],"_links":{"self":[{"href":"https:\/\/difrenos.com\/index.php\/wp-json\/wp\/v2\/product\/14721"}],"collection":[{"href":"https:\/\/difrenos.com\/index.php\/wp-json\/wp\/v2\/product"}],"about":[{"href":"https:\/\/difrenos.com\/index.php\/wp-json\/wp\/v2\/types\/product"}],"wp:featuredmedia":[{"embeddable":true,"href":"https:\/\/difrenos.com\/index.php\/wp-json\/wp\/v2\/media\/14722"}],"wp:attachment":[{"href":"https:\/\/difrenos.com\/index.php\/wp-json\/wp\/v2\/media?parent=14721"}],"wp:term":[{"taxonomy":"product_cat","embeddable":true,"href":"https:\/\/difrenos.com\/index.php\/wp-json\/wp\/v2\/product_cat?post=14721"},{"taxonomy":"product_tag","embeddable":true,"href":"https:\/\/difrenos.com\/index.php\/wp-json\/wp\/v2\/product_tag?post=14721"}],"curies":[{"name":"wp","href":"https:\/\/api.w.org\/{rel}","templated":true}]}}