{"id":14717,"date":"2024-11-13T10:28:57","date_gmt":"2024-11-13T10:28:57","guid":{"rendered":"https:\/\/difrenos.com\/?post_type=product&#038;p=14717"},"modified":"2025-06-13T12:58:14","modified_gmt":"2025-06-13T12:58:14","slug":"protector-de-punos-con-el-logo-de-trrs","status":"publish","type":"product","link":"https:\/\/difrenos.com\/index.php\/producto\/protector-de-punos-con-el-logo-de-trrs\/","title":{"rendered":"Protector de pu\u00f1os con el logo de TRRS"},"content":{"rendered":"<p><strong>Protector de pu\u00f1os con el logo de TRS<\/strong><\/p>\n<p>Dise\u00f1ado para proteger los pu\u00f1os durante los desplazamientos. V\u00e1lido para todos los modelos.<\/p>\n","protected":false},"excerpt":{"rendered":"<p>Protector de pu\u00f1os con el logo de TRS Dise\u00f1ado para proteger los pu\u00f1os durante los desplazamientos. V\u00e1lido para todos los modelos.<\/p>\n","protected":false},"featured_media":14720,"template":"","meta":{"_et_pb_use_builder":"","_et_pb_old_content":"","_et_gb_content_width":""},"product_cat":[215,33,760,170],"product_tag":[],"_links":{"self":[{"href":"https:\/\/difrenos.com\/index.php\/wp-json\/wp\/v2\/product\/14717"}],"collection":[{"href":"https:\/\/difrenos.com\/index.php\/wp-json\/wp\/v2\/product"}],"about":[{"href":"https:\/\/difrenos.com\/index.php\/wp-json\/wp\/v2\/types\/product"}],"wp:featuredmedia":[{"embeddable":true,"href":"https:\/\/difrenos.com\/index.php\/wp-json\/wp\/v2\/media\/14720"}],"wp:attachment":[{"href":"https:\/\/difrenos.com\/index.php\/wp-json\/wp\/v2\/media?parent=14717"}],"wp:term":[{"taxonomy":"product_cat","embeddable":true,"href":"https:\/\/difrenos.com\/index.php\/wp-json\/wp\/v2\/product_cat?post=14717"},{"taxonomy":"product_tag","embeddable":true,"href":"https:\/\/difrenos.com\/index.php\/wp-json\/wp\/v2\/product_tag?post=14717"}],"curies":[{"name":"wp","href":"https:\/\/api.w.org\/{rel}","templated":true}]}}