{"id":14618,"date":"2024-11-12T11:39:25","date_gmt":"2024-11-12T11:39:25","guid":{"rendered":"https:\/\/difrenos.com\/?post_type=product&#038;p=14618"},"modified":"2026-03-27T13:20:26","modified_gmt":"2026-03-27T13:20:26","slug":"cubremoto-tucano-218","status":"publish","type":"product","link":"https:\/\/difrenos.com\/index.php\/producto\/cubremoto-tucano-218\/","title":{"rendered":"Cubremoto Tucano 218"},"content":{"rendered":"<p><strong>DESCRIPCI\u00d3N T\u00c9CNICA:<\/strong><\/p>\n<ul>\n<li>Fundas para motos y scooters de Poli\u00e9ster impermeable.<\/li>\n<li>Forro de Poli\u00e9ster.<\/li>\n<li>Con ojales met\u00e1licos.<\/li>\n<li>Costuras termoselladas.<\/li>\n<li>Confecci\u00f3n super compacta.<\/li>\n<\/ul>\n<p><strong>COMPOSICI\u00d3N:<\/strong><\/p>\n<p>100% Poli\u00e9ster.<\/p>\n","protected":false},"excerpt":{"rendered":"<p>DESCRIPCI\u00d3N T\u00c9CNICA: Fundas para motos y scooters de Poli\u00e9ster impermeable. Forro de Poli\u00e9ster. Con ojales met\u00e1licos. Costuras termoselladas. Confecci\u00f3n super compacta. COMPOSICI\u00d3N: 100% Poli\u00e9ster.<\/p>\n","protected":false},"featured_media":14622,"template":"","meta":{"_et_pb_use_builder":"","_et_pb_old_content":"","_et_gb_content_width":""},"product_cat":[215,33,290],"product_tag":[445,841],"_links":{"self":[{"href":"https:\/\/difrenos.com\/index.php\/wp-json\/wp\/v2\/product\/14618"}],"collection":[{"href":"https:\/\/difrenos.com\/index.php\/wp-json\/wp\/v2\/product"}],"about":[{"href":"https:\/\/difrenos.com\/index.php\/wp-json\/wp\/v2\/types\/product"}],"wp:featuredmedia":[{"embeddable":true,"href":"https:\/\/difrenos.com\/index.php\/wp-json\/wp\/v2\/media\/14622"}],"wp:attachment":[{"href":"https:\/\/difrenos.com\/index.php\/wp-json\/wp\/v2\/media?parent=14618"}],"wp:term":[{"taxonomy":"product_cat","embeddable":true,"href":"https:\/\/difrenos.com\/index.php\/wp-json\/wp\/v2\/product_cat?post=14618"},{"taxonomy":"product_tag","embeddable":true,"href":"https:\/\/difrenos.com\/index.php\/wp-json\/wp\/v2\/product_tag?post=14618"}],"curies":[{"name":"wp","href":"https:\/\/api.w.org\/{rel}","templated":true}]}}